{"id":38351,"date":"2021-11-25T12:58:50","date_gmt":"2021-11-25T11:58:50","guid":{"rendered":"https:\/\/floresdeloscaminosasantiago.eu\/introductie-2\/"},"modified":"2026-04-08T15:33:39","modified_gmt":"2026-04-08T13:33:39","slug":"introductie","status":"publish","type":"page","link":"https:\/\/floresdeloscaminosasantiago.eu\/nl\/introductie\/","title":{"rendered":"Introductie"},"content":{"rendered":"\r\n<p><em>Flores de los Caminos a Santiago<\/em> is een website die is gebouwd met als doel het voor pelgrims naar Santiago de Compostela gemakkelijker te maken om de namen te vinden van de bloemen die ze onderweg hebben gefotografeerd. Het stimuleren van de belangstelling voor de flora van Spanje en Portugal in het algemeen is ook een doel.<\/p>\r\n\r\n\r\n\r\n<p>De start van dit project is onbedoeld geweest. Ik liep in 2004\/2005 \u2013 2007 vanuit mijn huis in Den Haag naar Santiago en ook weer terug naar Den Haag ter nagedachtenis aan mijn vrouw Willie Malkus die was overleden aan borstkanker (n.b. op 25 juli 1999, de naamdag van St. Jacob in een Heilig Jaar!).<\/p>\r\n\r\n\r\n\r\n<p>Na deze tocht bleek ik verslaafd aan de Camino te zijn. In Spanje en Portugal worden meer dan twintig verschillende Camino&#8217;s bewegwijzerd door de bekende gele pijlen. Ze hebben startpunten verspreid over heel Spanje en Portugal en eindigen in Santiago of komen uit op een andere Camino, bijvoorbeeld de bekende Camino Franc\u00e9s.<\/p>\r\n\r\n\r\n\r\n<p>Tot op heden ben ik 33 keer in Santiago aangekomen, wat overeenkomt met 21 verschillende Camino&#8217;s. Een aantal verschillende korte Camino&#8217;s, de laatste 100+ kilometer naar Santiago, heb ik meer dan eens gelopen. Onderweg maakte ik foto&#8217;s van bloemen, in eerste instantie alleen maar om meer variatie te maken in de serie foto&#8217;s van een Camino. Voor mij was het niet genoeg om mooie foto&#8217;s te hebben. Als bioloog wilde ik de namen van deze planten weten. Gaandeweg groeide de verzameling foto&#8217;s van planten. Op een gegeven moment realiseerde ik me dat de collectie vrij uniek zou kunnen zijn en begon ik serieus foto&#8217;s van planten te verzamelen.\u00a0 Nu bevat de collectie meer dan 1100 soorten. Alle foto&#8217;s zijn gemaakt langs een Camino. Deze website is de manier om deze collectie met de wereld te delen.<\/p>\r\n\r\n\r\n\r\n<p>Deze website moet worden beschouwd als een bijdrage van een persoon die, hoewel bioloog, geen botanicus is. Bij een onderneming van deze omvang is het onvermijdelijk dat er een aantal fouten worden gemaakt. De identiteit van een gefotografeerde plant was vaak duidelijk. Waar ik mijn twijfels heb, wordt dat in de informatie vermeld. Er zij op gewezen dat deze website geen wetenschappelijke onderneming is. Ik ben als enige verantwoordelijk voor de identificatie van de gefotografeerde soorten. Geen enkel instituut heeft een deel van het werk gedaan. Het fotograferen van planten als wandelende pelgrim levert wat problemen op. Allereerst moet ik elke dag op tijd mijn bestemming bereiken. Het is nodig twintig tot vijfentwintig kilometer per dag naar de volgende albergue te kunnen lopen. Er is dus een tekort aan tijd. Wandelen met een gemiddelde snelheid van 4 km\/uur betekent verder dat kleine of onopvallende bloemen gemakkelijk over het hoofd worden gezien. Daarbij komt dat de maanden april, mei en de eerste helft van juni het meest geschikt zijn om te lopen. Als gevolg hiervan zijn planten die voor of na deze periode bloeien ondervertegenwoordigd.<\/p>\r\n\r\n\r\n\r\n<p>De classificatie van de plantensoort volgt die van de website Anthos om praktische redenen. De inventarisatie van de flora van Spanje is verre van compleet. Veel botanici hebben de neiging om te werken in &#8220;veelbelovende gebieden&#8221;. De camino&#8217;s hebben natuurlijk geen voorkeur voor botanisch veelbelovende gebieden. Als gevolg hiervan kunnen onverwachte vondsten plaatsvinden. Zowel gewone als zeldzame soorten zijn opgenomen in deze collectie. Deze website is geen flora. De populaire namen in zes Europese talen worden gegeven, evenals informatie over het tijdstip van bloei, kleur en grootte van de bloemen, de grootte van de planten, de verspreiding en overvloed en wat ecologische informatie. Determinatietabellen zijn niet opgenomen. Identificatie van een soort moet voornamelijk gebeuren door foto&#8217;s te vergelijken.<\/p>\r\n\r\n\r\n\r\n<p>Alle Camino&#8217;s heb ik gelopen voor een ander. &#8220;Vicarie pro&#8230;&#8221;, &#8220;plaatsvervangend voor&#8230;&#8221;. Voor een kort artikel over dit onderwerp klik hier. <a href=\"https:\/\/floresdeloscaminosasantiago.eu\/nl\/vicarie-pro-naar-santiago-voor-een-ander\/\">Vicarie Pro<\/a><\/p>\r\n\r\n\r\n\r\n<p>Op mijn camino&#8217;s heb ik in dorpen, steden, kerken en kathedralen of langs de weg veel afbeeldingen en symbolen met betrekking tot Sint Jacobus of pelgrims gezien. Ik heb ook deze verzameld. Ik vond het altijd erg de moeite waard om nog een mooi exemplaar te vinden. Ook zij worden op deze website gepresenteerd.<\/p>\r\n\r\n\r\n\r\n<p>U als bezoeker van deze webside bent vrij om foto&#8217;s van deze website te downloaden zolang u ze niet gebruikt om er geld mee te verdienen. Er is geen bescherming tegen downloaden.<\/p>\r\n\r\n\r\n\r\n<p>Ik ben aan heel veel mensen dank verschuldigd, aan honderden Spaanse mannen en vrouwen op de Camino, aan Harry Hofstede en Ad van der Helm, opeenvolgende pastoors van de Jacobuskerk in Den Haag, aan Luis Tejero Gonz\u00e1lez, Virginia Gonz\u00e1lez Mart\u00ednez en Patricia Grosfeld van de Spaanse ambassade in Den Haag, aan Simone Spuij-Fraaij, aan Yula van Barneveld, Kees Fokkens en Harry Couzijn, aan Han Lasance en Fons Boink (Nederlands Genootschap van Sint Jacob) Jacob), aan Emiel Lagarde en Robbe de Bruijn (Bewisesolutions) en niet in het minst aan mijn huidige vrouw, Annet Cames van Batenburg, die me steeds heeft aangemoedigd en mij zonder klachten aan het werk heeft gelaten.<\/p>\r\n\r\n\r\n\r\n<p>Voor meer informatie, suggesties, bijdragen of om fouten te melden is het adres: <a href=\"mailto:a.p.krever@gmail.com\">a.p.krever@gmail.com<\/a>.<\/p>\r\n\r\n\r\n\r\n<p>Ik wens je veel plezier \u201cen een goede weg\u201d! <strong>Arnoud Krever<\/strong><\/p>\r\n\r\n\r\n\r\n<h2 class=\"wp-block-heading\">Over Arnoud Krever<\/h2>\r\n\r\n\r\n\r\n<p>Arnoud Krever (1948), studeerde biologie aan de universiteiten van Leiden en Amsterdam en natuurkunde aan de Hogeschool Holland in Diemen, was leraar biologie, nauurkunde en algemene natuurwetenschappen aan het Mondriaan College voor tweede-kans-onderwijs (VAVO) in Den Haag.. Nu met pensioen.<\/p>\r\n<p><img fetchpriority=\"high\" decoding=\"async\" class=\"size-medium wp-image-22111 alignleft\" src=\"https:\/\/floresdeloscaminosasantiago.eu\/wp-content\/uploads\/2021\/12\/Plata1127-Foto-van-Arnoud-Krever-285x300.jpg\" alt=\"Foto van Arnoud Krever\" width=\"285\" height=\"300\" srcset=\"https:\/\/floresdeloscaminosasantiago.eu\/wp-content\/uploads\/2021\/12\/Plata1127-Foto-van-Arnoud-Krever-285x300.jpg 285w, https:\/\/floresdeloscaminosasantiago.eu\/wp-content\/uploads\/2021\/12\/Plata1127-Foto-van-Arnoud-Krever.jpg 665w\" sizes=\"(max-width: 285px) 100vw, 285px\" \/><\/p>\r\n<p><img decoding=\"async\" class=\" wp-image-19074 alignleft\" src=\"https:\/\/floresdeloscaminosasantiago.eu\/wp-content\/uploads\/2021\/09\/19-2-Lu-S-48-Arnoud-fotografeert-een-plantje-300x225.jpg\" alt=\"\" width=\"399\" height=\"299\" srcset=\"https:\/\/floresdeloscaminosasantiago.eu\/wp-content\/uploads\/2021\/09\/19-2-Lu-S-48-Arnoud-fotografeert-een-plantje-300x225.jpg 300w, https:\/\/floresdeloscaminosasantiago.eu\/wp-content\/uploads\/2021\/09\/19-2-Lu-S-48-Arnoud-fotografeert-een-plantje-768x577.jpg 768w, https:\/\/floresdeloscaminosasantiago.eu\/wp-content\/uploads\/2021\/09\/19-2-Lu-S-48-Arnoud-fotografeert-een-plantje.jpg 932w\" sizes=\"(max-width: 399px) 100vw, 399px\" \/><\/p>\r\n\r\n\r\n\r\n<h3 class=\"wp-block-heading\">\u00a0<\/h3>\r\n<h3>\u00a0<\/h3>\r\n<h3>\u00a0<\/h3>\r\n<h3>\u00a0<\/h3>\r\n<h3>\u00a0<\/h3>\r\n<h3>\u00a0<\/h3>\r\n<h3>\u00a0<\/h3>\r\n<h3>Lijst van gelopen camino\u2019s<\/h3>\r\n\r\n\r\n\r\n<ol class=\"wp-block-list\" type=\"1\">\r\n<li>2004 \u2013 2005 Den Haag \u2013 Santiago; 2005 \u2013 2007 Santiago \u2013 Den Haag;<\/li>\r\n<li>2009 V\u00eda de la Plata + Camino Sanabr\u00e9s, Sevilla \u2013 Salamanca \u2013 Ourense \u2013 Santiago;<\/li>\r\n<li>2009 Camino Franc\u00e9s, Sarr\u00eda \u2013 Santiago;<\/li>\r\n<li>2010 Camino Mozar\u00e1be, Granada \u2013 Merida + Camino Sanabr\u00e9s, Ourense &#8211; Santiago;<\/li>\r\n<li>2010 Camino Primitivo, Oviedo \u2013 Melide + Camino Franc\u00e9s, Melide &#8211; Santiago;<\/li>\r\n<li>2010 Camino Portugu\u00e9s, Porto \u2013 Ponte de Lima + 2011 Ponte de Lima &#8211; Santiago;<\/li>\r\n<li>2011 Camino de Levante, Valencia \u2013 Zamora + Camino Sanabr\u00e9s, Ourense \u2013 Santiago;<\/li>\r\n<li>2012 Camino del Norte, Hendaye (F) \u2013 Santiago;<\/li>\r\n<li>2012 Camino Franc\u00e9s, Astorga \u2013 Santiago;<\/li>\r\n<li>2013 Toulouse (F) \u2013 Santiago, Toulouse \u2013 Col de Somport + Camino Aragon\u00e9s, Col de Somport \u2013 Puente de la Reina + Camino Franc\u00e9s, Puente de la Reina &#8211; Santiago;<\/li>\r\n<li>2013 Camino Ingl\u00e9s, Ferrol \u2013 Santiago;<\/li>\r\n<li>2014 Camino de Madrid, Madrid \u2013 Sahag\u00fan + Camino Franc\u00e9s, Sahag\u00fan \u2013 Santiago;<\/li>\r\n<li>2015 Camino Sanabr\u00e9s, Ourense \u2013 Santiago;<\/li>\r\n<li>2015 Camino Ingl\u00e9s, Ferrol \u2013 Santiago;<\/li>\r\n<li>2015 Camino Sanabr\u00e9s, A Gudi\u00f1a \u2013 Santiago;<\/li>\r\n<li>2015 Ruta de la Lana, Alicante \u2013 Burgos + Camino Portugu\u00e9s, Valen\u00e7a do Minho \u2013 Santiago;<\/li>\r\n<li>2016 Camino de San Jaume, Barcelona \u2013 Santa Cilia de Jaca + Camino Aragon\u00e9s, Santa Cilia de Jaca \u2013 Puente de la Reina + Camino Sanabr\u00e9s, Ourense \u2013 Santiago;<\/li>\r\n<li>2016 Camino Primitivo, Lugo \u2013 Melide + Camino Franc\u00e9s, Melide \u2013 Santiago;<\/li>\r\n<li>2016 Camino Primitivo, Lugo \u2013 Melide + Camino Franc\u00e9s, Melide \u2013 Santiago;<\/li>\r\n<li>2016 Camino Vasco del Interior, Ir\u00fan \u2013 Santo Domingo de la Calzada + Camino de Invierno, Ponferrada \u2013 A Laxe + Camino Sanabr\u00e9s, A Laxe \u2013 Santiago;<\/li>\r\n<li>2016 Camino Primitivo, Lugo \u2013 Melide + Camino Franc\u00e9s, Melide \u2013 Santiago;<\/li>\r\n<li>2017 Camino del Ebro, Riumar \u2013 Logro\u00f1o + Camino Sanabr\u00e9s, Ourense \u2013 Santiago;<\/li>\r\n<li>2017 Camino Primitivo, Lugo \u2013 Melide + Camino Franc\u00e9s, Melide \u2013 Santiago;<\/li>\r\n<li>2017 Camino del Norte, Ribadeo \u2013 Arz\u00faa + Camino Franc\u00e9s, Arz\u00faa \u2013 Santiago;<\/li>\r\n<li>2018 Camino Catal\u00e1n, Monasterio de Sant Pere de Rodes \u2013 Montserrat \u2013 Fraga + 2019 Camino Catal\u00e1n, Fraga \u2013 Fuentes de Ebro + Camino Castillano-Aragon\u00e9s, Gallur \u2013 Santo Domingo de Silas + Camino Primitivo, Lugo \u2013 Melide + Camino Franc\u00e9s, Melide \u2013 Santiago;<\/li>\r\n<li>2019 Camino Portugu\u00e9s, Tui \u2013 Santiago;<\/li>\r\n<li>2019 Camino Sanabr\u00e9s, A Gudi\u00f1a \u2013 Santiago;<\/li>\r\n<li>2021 Ruta del Argar, Lorca \u2013 Toledo + Camino Sanabr\u00e9s, Ourense \u2013 Santiago;<\/li>\r\n<li>2021 Camino Sanabr\u00e9s, Ourense \u2013 Santiago;<\/li>\r\n<li>2022 Camino Olvidado, Bibao \u2013 Ponferrada + Camino Sanabr\u00e9s, Ourense \u2013 Santiago;<\/li>\r\n<li>2022 Camino de Sagunto, Sagunto \u2013 Soria + Camino Sanabr\u00e9s, Ourense \u2013 Santiago;<\/li>\r\n<li>2023 Camino de la Plata Portugu\u00e9s, Zamora \u2013 Santiago;<\/li>\r\n<li>2023 Camino Sanabr\u00e9s, Ourense \u2013 Santiago.<\/li>\r\n<li>2024 Camino Sanabr\u00e9s, Ourense \u2013 Santiago;<\/li>\r\n<li>2024 Camino Torres, Salamanca \u2013 Ponte de Lima \u2013 Santiago;<\/li>\r\n<li>2025 Camino del Sur, Huelva \u2013 Zafra + Camino Sanabr\u00e9s, Zamora \u2013 Ourense \u2013 Santiago. <\/li>\r\n<\/ol>\r\n\r\n\r\n\r\n<h2 class=\"wp-block-heading\">Meer interessante links<\/h2>\r\n\r\n\r\n\r\n<p><a href=\"http:\/\/www.anthos.es\/\">http:\/\/www.anthos.es\/<\/a>\u00a0 Anthos is een website van de Real Jard\u00edn Bot\u00e1nico in Madrid, een botanisch instituut met autoriteit. De wetenschappelijke plantennamen in mijn website zijn, bijna zonder uitzondering, conform Anthos. Anthos geeft verspreidingskaartjes van alle Spaanse plantensoorten en ook foto\u2019s van de meeste soorten. Ook de Spaanse en Portugese volksnamen worden gegeven. Het is mogelijk alle in een regio gevonden soorten op te roepen. Eveneens alle soorten van een bepaalde familie in een gegeven provincie. De website wordt zeer aanbevolen.<\/p>\r\n\r\n\r\n\r\n<p><a href=\"http:\/\/www.florasilvestre.es\/mediterranea\/index.htm\">http:\/\/www.florasilvestre.es\/mediterranea\/index.htm<\/a> Flora silvestre del Mediterraneo y Macaronesia. Een heel nuttige website van de botanicus Jos\u00e9 Quiles. Prachtige foto\u2019s!<\/p>\r\n\r\n\r\n\r\n<p><a href=\"http:\/\/www.florasilvestre.es\/mediterranea\/index.htm\">http:\/\/www.florasilvestre.es\/mediterranea\/index.htm<\/a> Flora silvestre del Mediterraneo y Macaronesia. A most useful webside by the botanist Jos\u00e9 Quiles. Excellent photographs!<\/p>\r\n\r\n\r\n\r\n<p><a href=\"https:\/\/flora-on.pt\/\">https:\/\/flora-on.pt\/<\/a> , Flora van Portugal. Een heel bruikbare flora. De foto\u2019s zijn erg goed.<\/p>\r\n\r\n\r\n\r\n<p><a href=\"https:\/\/www.actaplantarum.org\/\">https:\/\/www.actaplantarum.org\/<\/a> Flora of Galerij van (de meeste van) de plantensoorten van Italie.<\/p>\r\n\r\n\r\n\r\n<p>De snelste manier om foto\u2019s van een plantensoort op te roepen is door de wetenschappelijke naam in te tikken in Google Pictures. De wetenschappelijke naam van een plant kan veranderd zijn in de loop van de tijd. Dan is het vaak nuttig ook op synoniemen van de naam te zoeken.<\/p>\r\n","protected":false},"excerpt":{"rendered":"<p>Flores de los Caminos a Santiago is een website die is gebouwd met als doel het voor pelgrims naar Santiago de Compostela gemakkelijker te maken om de namen te vinden van de bloemen die ze onderweg hebben gefotografeerd. Het stimuleren van de belangstelling voor de flora van Spanje en Portugal in het algemeen is ook [&hellip;]<\/p>\n","protected":false},"author":1,"featured_media":0,"parent":0,"menu_order":0,"comment_status":"closed","ping_status":"closed","template":"","meta":{"footnotes":""},"class_list":["post-38351","page","type-page","status-publish","hentry"],"yoast_head":"<!-- This site is optimized with the Yoast SEO plugin v27.2 - https:\/\/yoast.com\/product\/yoast-seo-wordpress\/ -->\n<title>Introductie - Flores de los Caminos a Santiago<\/title>\n<meta name=\"robots\" content=\"index, follow, max-snippet:-1, max-image-preview:large, max-video-preview:-1\" \/>\n<link rel=\"canonical\" href=\"https:\/\/floresdeloscaminosasantiago.eu\/nl\/introductie\/\" \/>\n<meta property=\"og:locale\" content=\"nl_NL\" \/>\n<meta property=\"og:type\" content=\"article\" \/>\n<meta property=\"og:title\" content=\"Introductie - Flores de los Caminos a Santiago\" \/>\n<meta property=\"og:description\" content=\"Flores de los Caminos a Santiago is een website die is gebouwd met als doel het voor pelgrims naar Santiago de Compostela gemakkelijker te maken om de namen te vinden van de bloemen die ze onderweg hebben gefotografeerd. Het stimuleren van de belangstelling voor de flora van Spanje en Portugal in het algemeen is ook [&hellip;]\" \/>\n<meta property=\"og:url\" content=\"https:\/\/floresdeloscaminosasantiago.eu\/nl\/introductie\/\" \/>\n<meta property=\"og:site_name\" content=\"Flores de los Caminos a Santiago\" \/>\n<meta property=\"article:modified_time\" content=\"2026-04-08T13:33:39+00:00\" \/>\n<meta property=\"og:image\" content=\"https:\/\/floresdeloscaminosasantiago.eu\/wp-content\/uploads\/2021\/12\/Plata1127-Foto-van-Arnoud-Krever.jpg\" \/>\n\t<meta property=\"og:image:width\" content=\"665\" \/>\n\t<meta property=\"og:image:height\" content=\"700\" \/>\n\t<meta property=\"og:image:type\" content=\"image\/jpeg\" \/>\n<meta name=\"twitter:card\" content=\"summary_large_image\" \/>\n<meta name=\"twitter:label1\" content=\"Geschatte leestijd\" \/>\n\t<meta name=\"twitter:data1\" content=\"7 minuten\" \/>\n<script type=\"application\/ld+json\" class=\"yoast-schema-graph\">{\"@context\":\"https:\/\/schema.org\",\"@graph\":[{\"@type\":\"WebPage\",\"@id\":\"https:\/\/floresdeloscaminosasantiago.eu\/nl\/introductie\/\",\"url\":\"https:\/\/floresdeloscaminosasantiago.eu\/nl\/introductie\/\",\"name\":\"Introductie - Flores de los Caminos a Santiago\",\"isPartOf\":{\"@id\":\"https:\/\/floresdeloscaminosasantiago.eu\/nl\/#website\"},\"primaryImageOfPage\":{\"@id\":\"https:\/\/floresdeloscaminosasantiago.eu\/nl\/introductie\/#primaryimage\"},\"image\":{\"@id\":\"https:\/\/floresdeloscaminosasantiago.eu\/nl\/introductie\/#primaryimage\"},\"thumbnailUrl\":\"https:\/\/floresdeloscaminosasantiago.eu\/wp-content\/uploads\/2021\/12\/Plata1127-Foto-van-Arnoud-Krever-285x300.jpg\",\"datePublished\":\"2021-11-25T11:58:50+00:00\",\"dateModified\":\"2026-04-08T13:33:39+00:00\",\"breadcrumb\":{\"@id\":\"https:\/\/floresdeloscaminosasantiago.eu\/nl\/introductie\/#breadcrumb\"},\"inLanguage\":\"nl-NL\",\"potentialAction\":[{\"@type\":\"ReadAction\",\"target\":[\"https:\/\/floresdeloscaminosasantiago.eu\/nl\/introductie\/\"]}]},{\"@type\":\"ImageObject\",\"inLanguage\":\"nl-NL\",\"@id\":\"https:\/\/floresdeloscaminosasantiago.eu\/nl\/introductie\/#primaryimage\",\"url\":\"https:\/\/floresdeloscaminosasantiago.eu\/wp-content\/uploads\/2021\/12\/Plata1127-Foto-van-Arnoud-Krever-285x300.jpg\",\"contentUrl\":\"https:\/\/floresdeloscaminosasantiago.eu\/wp-content\/uploads\/2021\/12\/Plata1127-Foto-van-Arnoud-Krever-285x300.jpg\"},{\"@type\":\"BreadcrumbList\",\"@id\":\"https:\/\/floresdeloscaminosasantiago.eu\/nl\/introductie\/#breadcrumb\",\"itemListElement\":[{\"@type\":\"ListItem\",\"position\":1,\"name\":\"Home\",\"item\":\"https:\/\/floresdeloscaminosasantiago.eu\/nl\/\"},{\"@type\":\"ListItem\",\"position\":2,\"name\":\"Introductie\"}]},{\"@type\":\"WebSite\",\"@id\":\"https:\/\/floresdeloscaminosasantiago.eu\/nl\/#website\",\"url\":\"https:\/\/floresdeloscaminosasantiago.eu\/nl\/\",\"name\":\"Flores de los Caminos a Santiago\",\"description\":\"Stimulate the interest in the flora of Spain and Portugal\",\"alternateName\":\"Stimulate the interest in the flora of Spain and Portugal\",\"potentialAction\":[{\"@type\":\"SearchAction\",\"target\":{\"@type\":\"EntryPoint\",\"urlTemplate\":\"https:\/\/floresdeloscaminosasantiago.eu\/nl\/?s={search_term_string}\"},\"query-input\":{\"@type\":\"PropertyValueSpecification\",\"valueRequired\":true,\"valueName\":\"search_term_string\"}}],\"inLanguage\":\"nl-NL\"}]}<\/script>\n<!-- \/ Yoast SEO plugin. -->","yoast_head_json":{"title":"Introductie - Flores de los Caminos a Santiago","robots":{"index":"index","follow":"follow","max-snippet":"max-snippet:-1","max-image-preview":"max-image-preview:large","max-video-preview":"max-video-preview:-1"},"canonical":"https:\/\/floresdeloscaminosasantiago.eu\/nl\/introductie\/","og_locale":"nl_NL","og_type":"article","og_title":"Introductie - Flores de los Caminos a Santiago","og_description":"Flores de los Caminos a Santiago is een website die is gebouwd met als doel het voor pelgrims naar Santiago de Compostela gemakkelijker te maken om de namen te vinden van de bloemen die ze onderweg hebben gefotografeerd. Het stimuleren van de belangstelling voor de flora van Spanje en Portugal in het algemeen is ook [&hellip;]","og_url":"https:\/\/floresdeloscaminosasantiago.eu\/nl\/introductie\/","og_site_name":"Flores de los Caminos a Santiago","article_modified_time":"2026-04-08T13:33:39+00:00","og_image":[{"width":665,"height":700,"url":"https:\/\/floresdeloscaminosasantiago.eu\/wp-content\/uploads\/2021\/12\/Plata1127-Foto-van-Arnoud-Krever.jpg","type":"image\/jpeg"}],"twitter_card":"summary_large_image","twitter_misc":{"Geschatte leestijd":"7 minuten"},"schema":{"@context":"https:\/\/schema.org","@graph":[{"@type":"WebPage","@id":"https:\/\/floresdeloscaminosasantiago.eu\/nl\/introductie\/","url":"https:\/\/floresdeloscaminosasantiago.eu\/nl\/introductie\/","name":"Introductie - Flores de los Caminos a Santiago","isPartOf":{"@id":"https:\/\/floresdeloscaminosasantiago.eu\/nl\/#website"},"primaryImageOfPage":{"@id":"https:\/\/floresdeloscaminosasantiago.eu\/nl\/introductie\/#primaryimage"},"image":{"@id":"https:\/\/floresdeloscaminosasantiago.eu\/nl\/introductie\/#primaryimage"},"thumbnailUrl":"https:\/\/floresdeloscaminosasantiago.eu\/wp-content\/uploads\/2021\/12\/Plata1127-Foto-van-Arnoud-Krever-285x300.jpg","datePublished":"2021-11-25T11:58:50+00:00","dateModified":"2026-04-08T13:33:39+00:00","breadcrumb":{"@id":"https:\/\/floresdeloscaminosasantiago.eu\/nl\/introductie\/#breadcrumb"},"inLanguage":"nl-NL","potentialAction":[{"@type":"ReadAction","target":["https:\/\/floresdeloscaminosasantiago.eu\/nl\/introductie\/"]}]},{"@type":"ImageObject","inLanguage":"nl-NL","@id":"https:\/\/floresdeloscaminosasantiago.eu\/nl\/introductie\/#primaryimage","url":"https:\/\/floresdeloscaminosasantiago.eu\/wp-content\/uploads\/2021\/12\/Plata1127-Foto-van-Arnoud-Krever-285x300.jpg","contentUrl":"https:\/\/floresdeloscaminosasantiago.eu\/wp-content\/uploads\/2021\/12\/Plata1127-Foto-van-Arnoud-Krever-285x300.jpg"},{"@type":"BreadcrumbList","@id":"https:\/\/floresdeloscaminosasantiago.eu\/nl\/introductie\/#breadcrumb","itemListElement":[{"@type":"ListItem","position":1,"name":"Home","item":"https:\/\/floresdeloscaminosasantiago.eu\/nl\/"},{"@type":"ListItem","position":2,"name":"Introductie"}]},{"@type":"WebSite","@id":"https:\/\/floresdeloscaminosasantiago.eu\/nl\/#website","url":"https:\/\/floresdeloscaminosasantiago.eu\/nl\/","name":"Flores de los Caminos a Santiago","description":"Stimulate the interest in the flora of Spain and Portugal","alternateName":"Stimulate the interest in the flora of Spain and Portugal","potentialAction":[{"@type":"SearchAction","target":{"@type":"EntryPoint","urlTemplate":"https:\/\/floresdeloscaminosasantiago.eu\/nl\/?s={search_term_string}"},"query-input":{"@type":"PropertyValueSpecification","valueRequired":true,"valueName":"search_term_string"}}],"inLanguage":"nl-NL"}]}},"_links":{"self":[{"href":"https:\/\/floresdeloscaminosasantiago.eu\/nl\/wp-json\/wp\/v2\/pages\/38351","targetHints":{"allow":["GET"]}}],"collection":[{"href":"https:\/\/floresdeloscaminosasantiago.eu\/nl\/wp-json\/wp\/v2\/pages"}],"about":[{"href":"https:\/\/floresdeloscaminosasantiago.eu\/nl\/wp-json\/wp\/v2\/types\/page"}],"author":[{"embeddable":true,"href":"https:\/\/floresdeloscaminosasantiago.eu\/nl\/wp-json\/wp\/v2\/users\/1"}],"replies":[{"embeddable":true,"href":"https:\/\/floresdeloscaminosasantiago.eu\/nl\/wp-json\/wp\/v2\/comments?post=38351"}],"version-history":[{"count":0,"href":"https:\/\/floresdeloscaminosasantiago.eu\/nl\/wp-json\/wp\/v2\/pages\/38351\/revisions"}],"wp:attachment":[{"href":"https:\/\/floresdeloscaminosasantiago.eu\/nl\/wp-json\/wp\/v2\/media?parent=38351"}],"curies":[{"name":"wp","href":"https:\/\/api.w.org\/{rel}","templated":true}]}}