{"id":66749,"date":"2022-08-03T14:58:13","date_gmt":"2022-08-03T12:58:13","guid":{"rendered":"https:\/\/floresdeloscaminosasantiago.eu\/pueblo-de-santiago\/"},"modified":"2022-11-11T15:45:17","modified_gmt":"2022-11-11T14:45:17","slug":"pueblo-de-santiago","status":"publish","type":"page","link":"https:\/\/floresdeloscaminosasantiago.eu\/es\/pueblo-de-santiago\/","title":{"rendered":"Un edificio famoso en Santiago de Compostela"},"content":{"rendered":"<p><img fetchpriority=\"high\" decoding=\"async\" class=\"wp-image-66706 size-full\" src=\"https:\/\/floresdeloscaminosasantiago.eu\/wp-content\/uploads\/2022\/08\/1.-17Ebro-1817-Santiago-Hostal-de-los-Reyes-Catolicos.jpg\" alt=\"\" width=\"1600\" height=\"445\" srcset=\"https:\/\/floresdeloscaminosasantiago.eu\/wp-content\/uploads\/2022\/08\/1.-17Ebro-1817-Santiago-Hostal-de-los-Reyes-Catolicos.jpg 1600w, https:\/\/floresdeloscaminosasantiago.eu\/wp-content\/uploads\/2022\/08\/1.-17Ebro-1817-Santiago-Hostal-de-los-Reyes-Catolicos-300x83.jpg 300w, https:\/\/floresdeloscaminosasantiago.eu\/wp-content\/uploads\/2022\/08\/1.-17Ebro-1817-Santiago-Hostal-de-los-Reyes-Catolicos-1024x285.jpg 1024w, https:\/\/floresdeloscaminosasantiago.eu\/wp-content\/uploads\/2022\/08\/1.-17Ebro-1817-Santiago-Hostal-de-los-Reyes-Catolicos-768x214.jpg 768w, https:\/\/floresdeloscaminosasantiago.eu\/wp-content\/uploads\/2022\/08\/1.-17Ebro-1817-Santiago-Hostal-de-los-Reyes-Catolicos-1536x427.jpg 1536w\" sizes=\"(max-width: 1600px) 100vw, 1600px\" \/><\/p>\n<p><strong>Un edificio famoso en Santiago de Compostela<\/strong><\/p>\n<p>El <strong>Hostal de los Reyes Cat\u00f3licos<\/strong> en la <strong>Praza do Obradoiro<\/strong> (plaza del Obradoiro) \u2013la plaza frente a la entrada principal de la catedral Es probablemente el edificio m\u00e1s famoso de Santiago de Compostela despu\u00e9s de la catedral. Fue construido entre 1501 y 1511 por orden de los <strong>Reyes Cat\u00f3licos<\/strong>, <strong>Fernando de Arag\u00f3n e Isabel de Castilla<\/strong>. Como hospital y albergue para peregrinos.<\/p>\n<p>Por orden del dictador Franco, en 1954 el edificio se convirti\u00f3 en Parador. Ahora es un hotel de cinco estrellas. El hotel mantiene la tradici\u00f3n de que diez peregrinos al d\u00eda reciban gratuitamente un desayuno. Almuerzo o cena tras la presentaci\u00f3n de su Compostela y su pasaporte. Para ello, se pueden obtener los correspondientes vales en la oficina del peregrino a su llegada a Santiago de Compostela. Dicho privilegio es v\u00e1lido para un periodo de tres d\u00edas, incluido el d\u00eda que se obtiene la Compostela.<\/p>\n<div id='gallery-1' class='gallery galleryid-66749 gallery-columns-3 gallery-size-medium'><figure class='gallery-item'>\n\t\t\t<div class='gallery-icon portrait'>\n\t\t\t\t<a href='https:\/\/floresdeloscaminosasantiago.eu\/wp-content\/uploads\/2022\/08\/2.-2005-Camino-frances-869.jpg'><img decoding=\"async\" width=\"183\" height=\"300\" src=\"https:\/\/floresdeloscaminosasantiago.eu\/wp-content\/uploads\/2022\/08\/2.-2005-Camino-frances-869-183x300.jpg\" class=\"attachment-medium size-medium\" alt=\"\" srcset=\"https:\/\/floresdeloscaminosasantiago.eu\/wp-content\/uploads\/2022\/08\/2.-2005-Camino-frances-869-183x300.jpg 183w, https:\/\/floresdeloscaminosasantiago.eu\/wp-content\/uploads\/2022\/08\/2.-2005-Camino-frances-869.jpg 548w\" sizes=\"(max-width: 183px) 100vw, 183px\" \/><\/a>\n\t\t\t<\/div><\/figure><figure class='gallery-item'>\n\t\t\t<div class='gallery-icon landscape'>\n\t\t\t\t<a href='https:\/\/floresdeloscaminosasantiago.eu\/wp-content\/uploads\/2022\/08\/3.-2005-Camino-frances-870.jpg'><img decoding=\"async\" width=\"300\" height=\"83\" src=\"https:\/\/floresdeloscaminosasantiago.eu\/wp-content\/uploads\/2022\/08\/3.-2005-Camino-frances-870-300x83.jpg\" class=\"attachment-medium size-medium\" alt=\"\" srcset=\"https:\/\/floresdeloscaminosasantiago.eu\/wp-content\/uploads\/2022\/08\/3.-2005-Camino-frances-870-300x83.jpg 300w, https:\/\/floresdeloscaminosasantiago.eu\/wp-content\/uploads\/2022\/08\/3.-2005-Camino-frances-870-1024x283.jpg 1024w, https:\/\/floresdeloscaminosasantiago.eu\/wp-content\/uploads\/2022\/08\/3.-2005-Camino-frances-870-768x212.jpg 768w, https:\/\/floresdeloscaminosasantiago.eu\/wp-content\/uploads\/2022\/08\/3.-2005-Camino-frances-870-1536x424.jpg 1536w, https:\/\/floresdeloscaminosasantiago.eu\/wp-content\/uploads\/2022\/08\/3.-2005-Camino-frances-870.jpg 1600w\" sizes=\"(max-width: 300px) 100vw, 300px\" \/><\/a>\n\t\t\t<\/div><\/figure><figure class='gallery-item'>\n\t\t\t<div class='gallery-icon portrait'>\n\t\t\t\t<a href='https:\/\/floresdeloscaminosasantiago.eu\/wp-content\/uploads\/2022\/08\/4.-16Lugo-Santiago-137.jpg'><img loading=\"lazy\" decoding=\"async\" width=\"290\" height=\"300\" src=\"https:\/\/floresdeloscaminosasantiago.eu\/wp-content\/uploads\/2022\/08\/4.-16Lugo-Santiago-137-290x300.jpg\" class=\"attachment-medium size-medium\" alt=\"\" srcset=\"https:\/\/floresdeloscaminosasantiago.eu\/wp-content\/uploads\/2022\/08\/4.-16Lugo-Santiago-137-290x300.jpg 290w, https:\/\/floresdeloscaminosasantiago.eu\/wp-content\/uploads\/2022\/08\/4.-16Lugo-Santiago-137-768x795.jpg 768w, https:\/\/floresdeloscaminosasantiago.eu\/wp-content\/uploads\/2022\/08\/4.-16Lugo-Santiago-137.jpg 869w\" sizes=\"(max-width: 290px) 100vw, 290px\" \/><\/a>\n\t\t\t<\/div><\/figure><figure class='gallery-item'>\n\t\t\t<div class='gallery-icon portrait'>\n\t\t\t\t<a href='https:\/\/floresdeloscaminosasantiago.eu\/wp-content\/uploads\/2022\/08\/5.-13Toulouse-S-3216-Santiago-Santiago-Peregrino-in-de-voorgevel-van-Los-Reyes-Catolicos.jpg'><img loading=\"lazy\" decoding=\"async\" width=\"200\" height=\"300\" src=\"https:\/\/floresdeloscaminosasantiago.eu\/wp-content\/uploads\/2022\/08\/5.-13Toulouse-S-3216-Santiago-Santiago-Peregrino-in-de-voorgevel-van-Los-Reyes-Catolicos-200x300.jpg\" class=\"attachment-medium size-medium\" alt=\"\" srcset=\"https:\/\/floresdeloscaminosasantiago.eu\/wp-content\/uploads\/2022\/08\/5.-13Toulouse-S-3216-Santiago-Santiago-Peregrino-in-de-voorgevel-van-Los-Reyes-Catolicos-200x300.jpg 200w, https:\/\/floresdeloscaminosasantiago.eu\/wp-content\/uploads\/2022\/08\/5.-13Toulouse-S-3216-Santiago-Santiago-Peregrino-in-de-voorgevel-van-Los-Reyes-Catolicos.jpg 600w\" sizes=\"(max-width: 200px) 100vw, 200px\" \/><\/a>\n\t\t\t<\/div><\/figure><figure class='gallery-item'>\n\t\t\t<div class='gallery-icon portrait'>\n\t\t\t\t<a href='https:\/\/floresdeloscaminosasantiago.eu\/wp-content\/uploads\/2022\/08\/6.-Plata1417-Santiago-Praza-do-Obradoiro-Hostal-de-los-Reyes-Catolicos-facade-beeld-Santiago.jpg'><img loading=\"lazy\" decoding=\"async\" width=\"190\" height=\"300\" src=\"https:\/\/floresdeloscaminosasantiago.eu\/wp-content\/uploads\/2022\/08\/6.-Plata1417-Santiago-Praza-do-Obradoiro-Hostal-de-los-Reyes-Catolicos-facade-beeld-Santiago-190x300.jpg\" class=\"attachment-medium size-medium\" alt=\"\" srcset=\"https:\/\/floresdeloscaminosasantiago.eu\/wp-content\/uploads\/2022\/08\/6.-Plata1417-Santiago-Praza-do-Obradoiro-Hostal-de-los-Reyes-Catolicos-facade-beeld-Santiago-190x300.jpg 190w, https:\/\/floresdeloscaminosasantiago.eu\/wp-content\/uploads\/2022\/08\/6.-Plata1417-Santiago-Praza-do-Obradoiro-Hostal-de-los-Reyes-Catolicos-facade-beeld-Santiago.jpg 569w\" sizes=\"(max-width: 190px) 100vw, 190px\" \/><\/a>\n\t\t\t<\/div><\/figure><figure class='gallery-item'>\n\t\t\t<div class='gallery-icon portrait'>\n\t\t\t\t<a href='https:\/\/floresdeloscaminosasantiago.eu\/wp-content\/uploads\/2022\/08\/7.-2012-Costa-Norte-2219-Hostal-Reyes-Catolicos-ontbijtbriefje-voor-8-personen.jpg'><img loading=\"lazy\" decoding=\"async\" width=\"231\" height=\"300\" src=\"https:\/\/floresdeloscaminosasantiago.eu\/wp-content\/uploads\/2022\/08\/7.-2012-Costa-Norte-2219-Hostal-Reyes-Catolicos-ontbijtbriefje-voor-8-personen-231x300.jpg\" class=\"attachment-medium size-medium\" alt=\"\" srcset=\"https:\/\/floresdeloscaminosasantiago.eu\/wp-content\/uploads\/2022\/08\/7.-2012-Costa-Norte-2219-Hostal-Reyes-Catolicos-ontbijtbriefje-voor-8-personen-231x300.jpg 231w, https:\/\/floresdeloscaminosasantiago.eu\/wp-content\/uploads\/2022\/08\/7.-2012-Costa-Norte-2219-Hostal-Reyes-Catolicos-ontbijtbriefje-voor-8-personen.jpg 694w\" sizes=\"(max-width: 231px) 100vw, 231px\" \/><\/a>\n\t\t\t<\/div><\/figure><figure class='gallery-item'>\n\t\t\t<div class='gallery-icon landscape'>\n\t\t\t\t<a href='https:\/\/floresdeloscaminosasantiago.eu\/wp-content\/uploads\/2022\/08\/8.-Levante-2314-Santiago-Hostal-de-los-Reyes-Catolicos-gratis-pelgrims-avondeten.jpg'><img loading=\"lazy\" decoding=\"async\" width=\"300\" height=\"197\" src=\"https:\/\/floresdeloscaminosasantiago.eu\/wp-content\/uploads\/2022\/08\/8.-Levante-2314-Santiago-Hostal-de-los-Reyes-Catolicos-gratis-pelgrims-avondeten-300x197.jpg\" class=\"attachment-medium size-medium\" alt=\"\" srcset=\"https:\/\/floresdeloscaminosasantiago.eu\/wp-content\/uploads\/2022\/08\/8.-Levante-2314-Santiago-Hostal-de-los-Reyes-Catolicos-gratis-pelgrims-avondeten-300x197.jpg 300w, https:\/\/floresdeloscaminosasantiago.eu\/wp-content\/uploads\/2022\/08\/8.-Levante-2314-Santiago-Hostal-de-los-Reyes-Catolicos-gratis-pelgrims-avondeten-1024x672.jpg 1024w, https:\/\/floresdeloscaminosasantiago.eu\/wp-content\/uploads\/2022\/08\/8.-Levante-2314-Santiago-Hostal-de-los-Reyes-Catolicos-gratis-pelgrims-avondeten-768x504.jpg 768w, https:\/\/floresdeloscaminosasantiago.eu\/wp-content\/uploads\/2022\/08\/8.-Levante-2314-Santiago-Hostal-de-los-Reyes-Catolicos-gratis-pelgrims-avondeten.jpg 1372w\" sizes=\"(max-width: 300px) 100vw, 300px\" \/><\/a>\n\t\t\t<\/div><\/figure><figure class='gallery-item'>\n\t\t\t<div class='gallery-icon landscape'>\n\t\t\t\t<a href='https:\/\/floresdeloscaminosasantiago.eu\/wp-content\/uploads\/2022\/08\/9.-13-C.Ingles-529-SANTIAGO-32-Comedor-de-peregrinos.jpg'><img loading=\"lazy\" decoding=\"async\" width=\"300\" height=\"200\" src=\"https:\/\/floresdeloscaminosasantiago.eu\/wp-content\/uploads\/2022\/08\/9.-13-C.Ingles-529-SANTIAGO-32-Comedor-de-peregrinos-300x200.jpg\" class=\"attachment-medium size-medium\" alt=\"\" srcset=\"https:\/\/floresdeloscaminosasantiago.eu\/wp-content\/uploads\/2022\/08\/9.-13-C.Ingles-529-SANTIAGO-32-Comedor-de-peregrinos-300x200.jpg 300w, https:\/\/floresdeloscaminosasantiago.eu\/wp-content\/uploads\/2022\/08\/9.-13-C.Ingles-529-SANTIAGO-32-Comedor-de-peregrinos-1024x684.jpg 1024w, https:\/\/floresdeloscaminosasantiago.eu\/wp-content\/uploads\/2022\/08\/9.-13-C.Ingles-529-SANTIAGO-32-Comedor-de-peregrinos-768x513.jpg 768w, https:\/\/floresdeloscaminosasantiago.eu\/wp-content\/uploads\/2022\/08\/9.-13-C.Ingles-529-SANTIAGO-32-Comedor-de-peregrinos.jpg 1198w\" sizes=\"(max-width: 300px) 100vw, 300px\" \/><\/a>\n\t\t\t<\/div><\/figure><figure class='gallery-item'>\n\t\t\t<div class='gallery-icon landscape'>\n\t\t\t\t<a href='https:\/\/floresdeloscaminosasantiago.eu\/wp-content\/uploads\/2022\/08\/10.-13-C.Ingles-529-SANTIAGO-31-Hostal-de-los-Reyes-Catolicos-groepsfoto-in-pelgrims-comedor.jpg'><img loading=\"lazy\" decoding=\"async\" width=\"300\" height=\"200\" src=\"https:\/\/floresdeloscaminosasantiago.eu\/wp-content\/uploads\/2022\/08\/10.-13-C.Ingles-529-SANTIAGO-31-Hostal-de-los-Reyes-Catolicos-groepsfoto-in-pelgrims-comedor-300x200.jpg\" class=\"attachment-medium size-medium\" alt=\"\" srcset=\"https:\/\/floresdeloscaminosasantiago.eu\/wp-content\/uploads\/2022\/08\/10.-13-C.Ingles-529-SANTIAGO-31-Hostal-de-los-Reyes-Catolicos-groepsfoto-in-pelgrims-comedor-300x200.jpg 300w, https:\/\/floresdeloscaminosasantiago.eu\/wp-content\/uploads\/2022\/08\/10.-13-C.Ingles-529-SANTIAGO-31-Hostal-de-los-Reyes-Catolicos-groepsfoto-in-pelgrims-comedor-1024x684.jpg 1024w, https:\/\/floresdeloscaminosasantiago.eu\/wp-content\/uploads\/2022\/08\/10.-13-C.Ingles-529-SANTIAGO-31-Hostal-de-los-Reyes-Catolicos-groepsfoto-in-pelgrims-comedor-768x513.jpg 768w, https:\/\/floresdeloscaminosasantiago.eu\/wp-content\/uploads\/2022\/08\/10.-13-C.Ingles-529-SANTIAGO-31-Hostal-de-los-Reyes-Catolicos-groepsfoto-in-pelgrims-comedor.jpg 1348w\" sizes=\"(max-width: 300px) 100vw, 300px\" \/><\/a>\n\t\t\t<\/div><\/figure><figure class='gallery-item'>\n\t\t\t<div class='gallery-icon portrait'>\n\t\t\t\t<a href='https:\/\/floresdeloscaminosasantiago.eu\/wp-content\/uploads\/2022\/08\/11.-GranadaS-1433-Santiago-Hostal-de-los-Reyes-Catolicos-beeldje-St.Jacob_.jpg'><img loading=\"lazy\" decoding=\"async\" width=\"164\" height=\"300\" src=\"https:\/\/floresdeloscaminosasantiago.eu\/wp-content\/uploads\/2022\/08\/11.-GranadaS-1433-Santiago-Hostal-de-los-Reyes-Catolicos-beeldje-St.Jacob_-164x300.jpg\" class=\"attachment-medium size-medium\" alt=\"\" srcset=\"https:\/\/floresdeloscaminosasantiago.eu\/wp-content\/uploads\/2022\/08\/11.-GranadaS-1433-Santiago-Hostal-de-los-Reyes-Catolicos-beeldje-St.Jacob_-164x300.jpg 164w, https:\/\/floresdeloscaminosasantiago.eu\/wp-content\/uploads\/2022\/08\/11.-GranadaS-1433-Santiago-Hostal-de-los-Reyes-Catolicos-beeldje-St.Jacob_.jpg 493w\" sizes=\"(max-width: 164px) 100vw, 164px\" \/><\/a>\n\t\t\t<\/div><\/figure><figure class='gallery-item'>\n\t\t\t<div class='gallery-icon landscape'>\n\t\t\t\t<a href='https:\/\/floresdeloscaminosasantiago.eu\/wp-content\/uploads\/2022\/08\/12.-Levante-2332-Santiago-Hostal-de-los-Reyes-Catolicos-Receptie-Santiago-matamoros.jpg'><img loading=\"lazy\" decoding=\"async\" width=\"300\" height=\"229\" src=\"https:\/\/floresdeloscaminosasantiago.eu\/wp-content\/uploads\/2022\/08\/12.-Levante-2332-Santiago-Hostal-de-los-Reyes-Catolicos-Receptie-Santiago-matamoros-300x229.jpg\" class=\"attachment-medium size-medium\" alt=\"\" srcset=\"https:\/\/floresdeloscaminosasantiago.eu\/wp-content\/uploads\/2022\/08\/12.-Levante-2332-Santiago-Hostal-de-los-Reyes-Catolicos-Receptie-Santiago-matamoros-300x229.jpg 300w, https:\/\/floresdeloscaminosasantiago.eu\/wp-content\/uploads\/2022\/08\/12.-Levante-2332-Santiago-Hostal-de-los-Reyes-Catolicos-Receptie-Santiago-matamoros-1024x782.jpg 1024w, https:\/\/floresdeloscaminosasantiago.eu\/wp-content\/uploads\/2022\/08\/12.-Levante-2332-Santiago-Hostal-de-los-Reyes-Catolicos-Receptie-Santiago-matamoros-768x586.jpg 768w, https:\/\/floresdeloscaminosasantiago.eu\/wp-content\/uploads\/2022\/08\/12.-Levante-2332-Santiago-Hostal-de-los-Reyes-Catolicos-Receptie-Santiago-matamoros.jpg 1179w\" sizes=\"(max-width: 300px) 100vw, 300px\" \/><\/a>\n\t\t\t<\/div><\/figure><figure class='gallery-item'>\n\t\t\t<div class='gallery-icon portrait'>\n\t\t\t\t<a href='https:\/\/floresdeloscaminosasantiago.eu\/wp-content\/uploads\/2022\/08\/13.-16Lugo-S-141-SANTIAGO-DE-COMPOSTELA-Hostal-de-los-Reyes-Catolicos-kapel-beeld-pelgrim.jpg'><img loading=\"lazy\" decoding=\"async\" width=\"200\" height=\"300\" src=\"https:\/\/floresdeloscaminosasantiago.eu\/wp-content\/uploads\/2022\/08\/13.-16Lugo-S-141-SANTIAGO-DE-COMPOSTELA-Hostal-de-los-Reyes-Catolicos-kapel-beeld-pelgrim-200x300.jpg\" class=\"attachment-medium size-medium\" alt=\"\" srcset=\"https:\/\/floresdeloscaminosasantiago.eu\/wp-content\/uploads\/2022\/08\/13.-16Lugo-S-141-SANTIAGO-DE-COMPOSTELA-Hostal-de-los-Reyes-Catolicos-kapel-beeld-pelgrim-200x300.jpg 200w, https:\/\/floresdeloscaminosasantiago.eu\/wp-content\/uploads\/2022\/08\/13.-16Lugo-S-141-SANTIAGO-DE-COMPOSTELA-Hostal-de-los-Reyes-Catolicos-kapel-beeld-pelgrim.jpg 600w\" sizes=\"(max-width: 200px) 100vw, 200px\" \/><\/a>\n\t\t\t<\/div><\/figure>\n\t\t<\/div>\n\n","protected":false},"excerpt":{"rendered":"<p>Un edificio famoso en Santiago de Compostela El Hostal de los Reyes Cat\u00f3licos en la Praza do Obradoiro (plaza del Obradoiro) \u2013la plaza frente a la entrada principal de la catedral Es probablemente el edificio m\u00e1s famoso de Santiago de Compostela despu\u00e9s de la catedral. Fue construido entre 1501 y 1511 por orden de los [&hellip;]<\/p>\n","protected":false},"author":1,"featured_media":0,"parent":0,"menu_order":0,"comment_status":"closed","ping_status":"closed","template":"","meta":{"footnotes":""},"class_list":["post-66749","page","type-page","status-publish","hentry"],"yoast_head":"<!-- This site is optimized with the Yoast SEO plugin v27.2 - https:\/\/yoast.com\/product\/yoast-seo-wordpress\/ -->\n<title>Un edificio famoso en Santiago de Compostela - Flores de los Caminos a Santiago<\/title>\n<meta name=\"robots\" content=\"index, follow, max-snippet:-1, max-image-preview:large, max-video-preview:-1\" \/>\n<link rel=\"canonical\" href=\"https:\/\/floresdeloscaminosasantiago.eu\/es\/pueblo-de-santiago\/\" \/>\n<meta property=\"og:locale\" content=\"es_ES\" \/>\n<meta property=\"og:type\" content=\"article\" \/>\n<meta property=\"og:title\" content=\"Un edificio famoso en Santiago de Compostela - Flores de los Caminos a Santiago\" \/>\n<meta property=\"og:description\" content=\"Un edificio famoso en Santiago de Compostela El Hostal de los Reyes Cat\u00f3licos en la Praza do Obradoiro (plaza del Obradoiro) \u2013la plaza frente a la entrada principal de la catedral Es probablemente el edificio m\u00e1s famoso de Santiago de Compostela despu\u00e9s de la catedral. Fue construido entre 1501 y 1511 por orden de los [&hellip;]\" \/>\n<meta property=\"og:url\" content=\"https:\/\/floresdeloscaminosasantiago.eu\/es\/pueblo-de-santiago\/\" \/>\n<meta property=\"og:site_name\" content=\"Flores de los Caminos a Santiago\" \/>\n<meta property=\"article:modified_time\" content=\"2022-11-11T14:45:17+00:00\" \/>\n<meta property=\"og:image\" content=\"https:\/\/floresdeloscaminosasantiago.eu\/wp-content\/uploads\/2022\/08\/2.-2005-Camino-frances-869-183x300.jpg\" \/>\n<meta name=\"twitter:card\" content=\"summary_large_image\" \/>\n<meta name=\"twitter:label1\" content=\"Tiempo de lectura\" \/>\n\t<meta name=\"twitter:data1\" content=\"1 minuto\" \/>\n<script type=\"application\/ld+json\" class=\"yoast-schema-graph\">{\"@context\":\"https:\/\/schema.org\",\"@graph\":[{\"@type\":\"WebPage\",\"@id\":\"https:\/\/floresdeloscaminosasantiago.eu\/es\/pueblo-de-santiago\/\",\"url\":\"https:\/\/floresdeloscaminosasantiago.eu\/es\/pueblo-de-santiago\/\",\"name\":\"Un edificio famoso en Santiago de Compostela - Flores de los Caminos a Santiago\",\"isPartOf\":{\"@id\":\"https:\/\/floresdeloscaminosasantiago.eu\/es\/#website\"},\"primaryImageOfPage\":{\"@id\":\"https:\/\/floresdeloscaminosasantiago.eu\/es\/pueblo-de-santiago\/#primaryimage\"},\"image\":{\"@id\":\"https:\/\/floresdeloscaminosasantiago.eu\/es\/pueblo-de-santiago\/#primaryimage\"},\"thumbnailUrl\":\"https:\/\/floresdeloscaminosasantiago.eu\/wp-content\/uploads\/2022\/08\/1.-17Ebro-1817-Santiago-Hostal-de-los-Reyes-Catolicos.jpg\",\"datePublished\":\"2022-08-03T12:58:13+00:00\",\"dateModified\":\"2022-11-11T14:45:17+00:00\",\"breadcrumb\":{\"@id\":\"https:\/\/floresdeloscaminosasantiago.eu\/es\/pueblo-de-santiago\/#breadcrumb\"},\"inLanguage\":\"es\",\"potentialAction\":[{\"@type\":\"ReadAction\",\"target\":[\"https:\/\/floresdeloscaminosasantiago.eu\/es\/pueblo-de-santiago\/\"]}]},{\"@type\":\"ImageObject\",\"inLanguage\":\"es\",\"@id\":\"https:\/\/floresdeloscaminosasantiago.eu\/es\/pueblo-de-santiago\/#primaryimage\",\"url\":\"https:\/\/floresdeloscaminosasantiago.eu\/wp-content\/uploads\/2022\/08\/1.-17Ebro-1817-Santiago-Hostal-de-los-Reyes-Catolicos.jpg\",\"contentUrl\":\"https:\/\/floresdeloscaminosasantiago.eu\/wp-content\/uploads\/2022\/08\/1.-17Ebro-1817-Santiago-Hostal-de-los-Reyes-Catolicos.jpg\"},{\"@type\":\"BreadcrumbList\",\"@id\":\"https:\/\/floresdeloscaminosasantiago.eu\/es\/pueblo-de-santiago\/#breadcrumb\",\"itemListElement\":[{\"@type\":\"ListItem\",\"position\":1,\"name\":\"Home\",\"item\":\"https:\/\/floresdeloscaminosasantiago.eu\/es\/\"},{\"@type\":\"ListItem\",\"position\":2,\"name\":\"Un edificio famoso en Santiago de Compostela\"}]},{\"@type\":\"WebSite\",\"@id\":\"https:\/\/floresdeloscaminosasantiago.eu\/es\/#website\",\"url\":\"https:\/\/floresdeloscaminosasantiago.eu\/es\/\",\"name\":\"Flores de los Caminos a Santiago\",\"description\":\"Stimulate the interest in the flora of Spain and Portugal\",\"alternateName\":\"Stimulate the interest in the flora of Spain and Portugal\",\"potentialAction\":[{\"@type\":\"SearchAction\",\"target\":{\"@type\":\"EntryPoint\",\"urlTemplate\":\"https:\/\/floresdeloscaminosasantiago.eu\/es\/?s={search_term_string}\"},\"query-input\":{\"@type\":\"PropertyValueSpecification\",\"valueRequired\":true,\"valueName\":\"search_term_string\"}}],\"inLanguage\":\"es\"}]}<\/script>\n<!-- \/ Yoast SEO plugin. -->","yoast_head_json":{"title":"Un edificio famoso en Santiago de Compostela - Flores de los Caminos a Santiago","robots":{"index":"index","follow":"follow","max-snippet":"max-snippet:-1","max-image-preview":"max-image-preview:large","max-video-preview":"max-video-preview:-1"},"canonical":"https:\/\/floresdeloscaminosasantiago.eu\/es\/pueblo-de-santiago\/","og_locale":"es_ES","og_type":"article","og_title":"Un edificio famoso en Santiago de Compostela - Flores de los Caminos a Santiago","og_description":"Un edificio famoso en Santiago de Compostela El Hostal de los Reyes Cat\u00f3licos en la Praza do Obradoiro (plaza del Obradoiro) \u2013la plaza frente a la entrada principal de la catedral Es probablemente el edificio m\u00e1s famoso de Santiago de Compostela despu\u00e9s de la catedral. Fue construido entre 1501 y 1511 por orden de los [&hellip;]","og_url":"https:\/\/floresdeloscaminosasantiago.eu\/es\/pueblo-de-santiago\/","og_site_name":"Flores de los Caminos a Santiago","article_modified_time":"2022-11-11T14:45:17+00:00","og_image":[{"url":"https:\/\/floresdeloscaminosasantiago.eu\/wp-content\/uploads\/2022\/08\/2.-2005-Camino-frances-869-183x300.jpg","type":"","width":"","height":""}],"twitter_card":"summary_large_image","twitter_misc":{"Tiempo de lectura":"1 minuto"},"schema":{"@context":"https:\/\/schema.org","@graph":[{"@type":"WebPage","@id":"https:\/\/floresdeloscaminosasantiago.eu\/es\/pueblo-de-santiago\/","url":"https:\/\/floresdeloscaminosasantiago.eu\/es\/pueblo-de-santiago\/","name":"Un edificio famoso en Santiago de Compostela - Flores de los Caminos a Santiago","isPartOf":{"@id":"https:\/\/floresdeloscaminosasantiago.eu\/es\/#website"},"primaryImageOfPage":{"@id":"https:\/\/floresdeloscaminosasantiago.eu\/es\/pueblo-de-santiago\/#primaryimage"},"image":{"@id":"https:\/\/floresdeloscaminosasantiago.eu\/es\/pueblo-de-santiago\/#primaryimage"},"thumbnailUrl":"https:\/\/floresdeloscaminosasantiago.eu\/wp-content\/uploads\/2022\/08\/1.-17Ebro-1817-Santiago-Hostal-de-los-Reyes-Catolicos.jpg","datePublished":"2022-08-03T12:58:13+00:00","dateModified":"2022-11-11T14:45:17+00:00","breadcrumb":{"@id":"https:\/\/floresdeloscaminosasantiago.eu\/es\/pueblo-de-santiago\/#breadcrumb"},"inLanguage":"es","potentialAction":[{"@type":"ReadAction","target":["https:\/\/floresdeloscaminosasantiago.eu\/es\/pueblo-de-santiago\/"]}]},{"@type":"ImageObject","inLanguage":"es","@id":"https:\/\/floresdeloscaminosasantiago.eu\/es\/pueblo-de-santiago\/#primaryimage","url":"https:\/\/floresdeloscaminosasantiago.eu\/wp-content\/uploads\/2022\/08\/1.-17Ebro-1817-Santiago-Hostal-de-los-Reyes-Catolicos.jpg","contentUrl":"https:\/\/floresdeloscaminosasantiago.eu\/wp-content\/uploads\/2022\/08\/1.-17Ebro-1817-Santiago-Hostal-de-los-Reyes-Catolicos.jpg"},{"@type":"BreadcrumbList","@id":"https:\/\/floresdeloscaminosasantiago.eu\/es\/pueblo-de-santiago\/#breadcrumb","itemListElement":[{"@type":"ListItem","position":1,"name":"Home","item":"https:\/\/floresdeloscaminosasantiago.eu\/es\/"},{"@type":"ListItem","position":2,"name":"Un edificio famoso en Santiago de Compostela"}]},{"@type":"WebSite","@id":"https:\/\/floresdeloscaminosasantiago.eu\/es\/#website","url":"https:\/\/floresdeloscaminosasantiago.eu\/es\/","name":"Flores de los Caminos a Santiago","description":"Stimulate the interest in the flora of Spain and Portugal","alternateName":"Stimulate the interest in the flora of Spain and Portugal","potentialAction":[{"@type":"SearchAction","target":{"@type":"EntryPoint","urlTemplate":"https:\/\/floresdeloscaminosasantiago.eu\/es\/?s={search_term_string}"},"query-input":{"@type":"PropertyValueSpecification","valueRequired":true,"valueName":"search_term_string"}}],"inLanguage":"es"}]}},"_links":{"self":[{"href":"https:\/\/floresdeloscaminosasantiago.eu\/es\/wp-json\/wp\/v2\/pages\/66749","targetHints":{"allow":["GET"]}}],"collection":[{"href":"https:\/\/floresdeloscaminosasantiago.eu\/es\/wp-json\/wp\/v2\/pages"}],"about":[{"href":"https:\/\/floresdeloscaminosasantiago.eu\/es\/wp-json\/wp\/v2\/types\/page"}],"author":[{"embeddable":true,"href":"https:\/\/floresdeloscaminosasantiago.eu\/es\/wp-json\/wp\/v2\/users\/1"}],"replies":[{"embeddable":true,"href":"https:\/\/floresdeloscaminosasantiago.eu\/es\/wp-json\/wp\/v2\/comments?post=66749"}],"version-history":[{"count":0,"href":"https:\/\/floresdeloscaminosasantiago.eu\/es\/wp-json\/wp\/v2\/pages\/66749\/revisions"}],"wp:attachment":[{"href":"https:\/\/floresdeloscaminosasantiago.eu\/es\/wp-json\/wp\/v2\/media?parent=66749"}],"curies":[{"name":"wp","href":"https:\/\/api.w.org\/{rel}","templated":true}]}}