{"id":50073,"date":"2022-02-18T16:26:46","date_gmt":"2022-02-18T15:26:46","guid":{"rendered":"https:\/\/floresdeloscaminosasantiago.eu\/algunas-leyendas-e-historias-para-interpretar-imagenes-de-santiago\/"},"modified":"2022-10-04T12:53:25","modified_gmt":"2022-10-04T10:53:25","slug":"algunas-leyendas-e-historias-para-interpretar-imagenes-de-santiago","status":"publish","type":"page","link":"https:\/\/floresdeloscaminosasantiago.eu\/es\/algunas-leyendas-e-historias-para-interpretar-imagenes-de-santiago\/","title":{"rendered":"Algunas leyendas e historias para interpretar im\u00e1genes de Santiago"},"content":{"rendered":"<p>Santiago el Mayor (cuya festividad se celebra el 25 de julio) naci\u00f3 alrededor del a\u00f1o 3 d. C. en Betsaida, Galilea, hijo del pescador Zebedeo y de Salom\u00e9. Pertenec\u00eda al c\u00edrculo \u00edntimo de Jes\u00fas. Despu\u00e9s de haber evangelizado en Israel y la Pen\u00ednsula Ib\u00e9rica, fue decapitado tras regresar a Jerusal\u00e9n el a\u00f1o 44 d. C., por orden del rey Herodes Agrippa. Gracias a sus disc\u00edpulos Atanasio y Teodoro, su cuerpo fue conducido por un \u00e1ngel en un barco hasta Espa\u00f1a. Arribaron a la actual Padr\u00f3n. En un carro tirado por toros salvajes que, milagrosamente, eran tan mansos como bueyes, su cuerpo fue llevado a una tumba que m\u00e1s tarde fue encontrada en el lugar donde ahora se halla la Catedral de Santiago.<\/p>\n<p>Seg\u00fan la leyenda, en el a\u00f1o 844 d. C. en Clavijo (12 km al sur de Logro\u00f1o) tuvo lugar una batalla entre un ej\u00e9rcito cristiano capitaneado por Ramiro I de Asturias y un ej\u00e9rcito moro dirigido por Abderrahman I, el emir de C\u00f3rdoba. El ej\u00e9rcito cristiano estaba a punto de caer derrotado cuando apareci\u00f3 un jinete abanderado sobre un caballo blanco, el cual cortaba con su espada las cabezas de los guerreros moros. Tal suceso fue tan aterrador, que el ej\u00e9rcito moro huy\u00f3, resultando los cristianos victoriosos. El jinete fue identificado con Santiago. Por esta aparici\u00f3n recibi\u00f3 el nombre de <strong>Santiago Matamoros, <\/strong>quien fue patr\u00f3n de Espa\u00f1a de c. 1620 a 1760. Fue sucedido en tal calidad por <strong>Santiago ap\u00f3stol<\/strong>. El t\u00e9rmino \u201cSantiago Matamoros\u201d es hoy en d\u00eda menos \u201cpol\u00edticamente correcto\u201d y fue sustituido gradualmente por el de \u201cSantiago caballero\u201d.<\/p>\n<p>A la aparici\u00f3n de Santiago como peregrino se le llama Santiago peregrino o Santiago ap\u00f3stol. Los atributos que se le asocian son la concha (<em>Pecten maximus<\/em>), colgada de un sombrero o una capa, un bord\u00f3n con una calabaza hueca como recipiente de agua y un morral de viaje. Casi siempre lleva una Biblia. Las im\u00e1genes de los peregrinos pueden ser similares, pero sin Biblia.<\/p>\n<p>La Orden Militar de Santiago de la Espada es una antigua orden militar espa\u00f1ola de caballer\u00eda, fundada en 1170 con el s\u00edmbolo de la cruz de Santiago, que consiste en la combinaci\u00f3n de una cruz y una espada. Por ello, tambi\u00e9n se representa a Santiago con una espada.<\/p>\n<p>Las im\u00e1genes de San Roque son similares a las de Santiago peregrino, con la diferencia de que a San Roque se le representa con una pierna desnuda con una herida causada por la peste y un perro que le trae un trozo de pan cada d\u00eda.<\/p>\n<div id='gallery-1' class='gallery galleryid-50073 gallery-columns-3 gallery-size-large'><figure class='gallery-item'>\n\t\t\t<div class='gallery-icon portrait'>\n\t\t\t\t<img fetchpriority=\"high\" decoding=\"async\" width=\"600\" height=\"900\" src=\"https:\/\/floresdeloscaminosasantiago.eu\/wp-content\/uploads\/2022\/02\/12.jpg\" class=\"attachment-large size-large\" alt=\"\" srcset=\"https:\/\/floresdeloscaminosasantiago.eu\/wp-content\/uploads\/2022\/02\/12.jpg 600w, https:\/\/floresdeloscaminosasantiago.eu\/wp-content\/uploads\/2022\/02\/12-200x300.jpg 200w\" sizes=\"(max-width: 600px) 100vw, 600px\" \/>\n\t\t\t<\/div><\/figure><figure class='gallery-item'>\n\t\t\t<div class='gallery-icon landscape'>\n\t\t\t\t<img decoding=\"async\" width=\"800\" height=\"800\" src=\"https:\/\/floresdeloscaminosasantiago.eu\/wp-content\/uploads\/2022\/02\/01.jpg\" class=\"attachment-large size-large\" alt=\"\" srcset=\"https:\/\/floresdeloscaminosasantiago.eu\/wp-content\/uploads\/2022\/02\/01.jpg 900w, https:\/\/floresdeloscaminosasantiago.eu\/wp-content\/uploads\/2022\/02\/01-300x300.jpg 300w, https:\/\/floresdeloscaminosasantiago.eu\/wp-content\/uploads\/2022\/02\/01-150x150.jpg 150w, https:\/\/floresdeloscaminosasantiago.eu\/wp-content\/uploads\/2022\/02\/01-768x768.jpg 768w\" sizes=\"(max-width: 800px) 100vw, 800px\" \/>\n\t\t\t<\/div><\/figure><figure class='gallery-item'>\n\t\t\t<div class='gallery-icon landscape'>\n\t\t\t\t<img decoding=\"async\" width=\"800\" height=\"449\" src=\"https:\/\/floresdeloscaminosasantiago.eu\/wp-content\/uploads\/2022\/02\/02-1024x575.jpg\" class=\"attachment-large size-large\" alt=\"\" srcset=\"https:\/\/floresdeloscaminosasantiago.eu\/wp-content\/uploads\/2022\/02\/02-1024x575.jpg 1024w, https:\/\/floresdeloscaminosasantiago.eu\/wp-content\/uploads\/2022\/02\/02-300x169.jpg 300w, https:\/\/floresdeloscaminosasantiago.eu\/wp-content\/uploads\/2022\/02\/02-768x432.jpg 768w, https:\/\/floresdeloscaminosasantiago.eu\/wp-content\/uploads\/2022\/02\/02-1536x863.jpg 1536w, https:\/\/floresdeloscaminosasantiago.eu\/wp-content\/uploads\/2022\/02\/02.jpg 1600w\" sizes=\"(max-width: 800px) 100vw, 800px\" \/>\n\t\t\t<\/div><\/figure><figure class='gallery-item'>\n\t\t\t<div class='gallery-icon landscape'>\n\t\t\t\t<img loading=\"lazy\" decoding=\"async\" width=\"800\" height=\"450\" src=\"https:\/\/floresdeloscaminosasantiago.eu\/wp-content\/uploads\/2022\/02\/03-1024x576.jpg\" class=\"attachment-large size-large\" alt=\"\" srcset=\"https:\/\/floresdeloscaminosasantiago.eu\/wp-content\/uploads\/2022\/02\/03-1024x576.jpg 1024w, https:\/\/floresdeloscaminosasantiago.eu\/wp-content\/uploads\/2022\/02\/03-300x169.jpg 300w, https:\/\/floresdeloscaminosasantiago.eu\/wp-content\/uploads\/2022\/02\/03-768x432.jpg 768w, https:\/\/floresdeloscaminosasantiago.eu\/wp-content\/uploads\/2022\/02\/03-1536x864.jpg 1536w, https:\/\/floresdeloscaminosasantiago.eu\/wp-content\/uploads\/2022\/02\/03.jpg 1600w\" sizes=\"(max-width: 800px) 100vw, 800px\" \/>\n\t\t\t<\/div><\/figure><figure class='gallery-item'>\n\t\t\t<div class='gallery-icon landscape'>\n\t\t\t\t<img loading=\"lazy\" decoding=\"async\" width=\"800\" height=\"451\" src=\"https:\/\/floresdeloscaminosasantiago.eu\/wp-content\/uploads\/2022\/02\/04-1024x577.jpg\" class=\"attachment-large size-large\" alt=\"\" srcset=\"https:\/\/floresdeloscaminosasantiago.eu\/wp-content\/uploads\/2022\/02\/04-1024x577.jpg 1024w, https:\/\/floresdeloscaminosasantiago.eu\/wp-content\/uploads\/2022\/02\/04-300x169.jpg 300w, https:\/\/floresdeloscaminosasantiago.eu\/wp-content\/uploads\/2022\/02\/04-768x433.jpg 768w, https:\/\/floresdeloscaminosasantiago.eu\/wp-content\/uploads\/2022\/02\/04-1536x865.jpg 1536w, https:\/\/floresdeloscaminosasantiago.eu\/wp-content\/uploads\/2022\/02\/04.jpg 1598w\" sizes=\"(max-width: 800px) 100vw, 800px\" \/>\n\t\t\t<\/div><\/figure><figure class='gallery-item'>\n\t\t\t<div class='gallery-icon portrait'>\n\t\t\t\t<img loading=\"lazy\" decoding=\"async\" width=\"621\" height=\"900\" src=\"https:\/\/floresdeloscaminosasantiago.eu\/wp-content\/uploads\/2022\/02\/05.jpg\" class=\"attachment-large size-large\" alt=\"\" srcset=\"https:\/\/floresdeloscaminosasantiago.eu\/wp-content\/uploads\/2022\/02\/05.jpg 621w, https:\/\/floresdeloscaminosasantiago.eu\/wp-content\/uploads\/2022\/02\/05-207x300.jpg 207w\" sizes=\"(max-width: 621px) 100vw, 621px\" \/>\n\t\t\t<\/div><\/figure><figure class='gallery-item'>\n\t\t\t<div class='gallery-icon portrait'>\n\t\t\t\t<img loading=\"lazy\" decoding=\"async\" width=\"675\" height=\"900\" src=\"https:\/\/floresdeloscaminosasantiago.eu\/wp-content\/uploads\/2022\/02\/06.jpg\" class=\"attachment-large size-large\" alt=\"\" srcset=\"https:\/\/floresdeloscaminosasantiago.eu\/wp-content\/uploads\/2022\/02\/06.jpg 675w, https:\/\/floresdeloscaminosasantiago.eu\/wp-content\/uploads\/2022\/02\/06-225x300.jpg 225w\" sizes=\"(max-width: 675px) 100vw, 675px\" \/>\n\t\t\t<\/div><\/figure><figure class='gallery-item'>\n\t\t\t<div class='gallery-icon portrait'>\n\t\t\t\t<img loading=\"lazy\" decoding=\"async\" width=\"506\" height=\"900\" src=\"https:\/\/floresdeloscaminosasantiago.eu\/wp-content\/uploads\/2022\/02\/07.jpg\" class=\"attachment-large size-large\" alt=\"\" srcset=\"https:\/\/floresdeloscaminosasantiago.eu\/wp-content\/uploads\/2022\/02\/07.jpg 506w, https:\/\/floresdeloscaminosasantiago.eu\/wp-content\/uploads\/2022\/02\/07-169x300.jpg 169w\" sizes=\"(max-width: 506px) 100vw, 506px\" \/>\n\t\t\t<\/div><\/figure><figure class='gallery-item'>\n\t\t\t<div class='gallery-icon portrait'>\n\t\t\t\t<img loading=\"lazy\" decoding=\"async\" width=\"665\" height=\"900\" src=\"https:\/\/floresdeloscaminosasantiago.eu\/wp-content\/uploads\/2022\/02\/08.jpg\" class=\"attachment-large size-large\" alt=\"\" srcset=\"https:\/\/floresdeloscaminosasantiago.eu\/wp-content\/uploads\/2022\/02\/08.jpg 665w, https:\/\/floresdeloscaminosasantiago.eu\/wp-content\/uploads\/2022\/02\/08-222x300.jpg 222w\" sizes=\"(max-width: 665px) 100vw, 665px\" \/>\n\t\t\t<\/div><\/figure><figure class='gallery-item'>\n\t\t\t<div class='gallery-icon portrait'>\n\t\t\t\t<img loading=\"lazy\" decoding=\"async\" width=\"726\" height=\"900\" src=\"https:\/\/floresdeloscaminosasantiago.eu\/wp-content\/uploads\/2022\/02\/09.jpg\" class=\"attachment-large size-large\" alt=\"\" srcset=\"https:\/\/floresdeloscaminosasantiago.eu\/wp-content\/uploads\/2022\/02\/09.jpg 726w, https:\/\/floresdeloscaminosasantiago.eu\/wp-content\/uploads\/2022\/02\/09-242x300.jpg 242w\" sizes=\"(max-width: 726px) 100vw, 726px\" \/>\n\t\t\t<\/div><\/figure><figure class='gallery-item'>\n\t\t\t<div class='gallery-icon portrait'>\n\t\t\t\t<img loading=\"lazy\" decoding=\"async\" width=\"448\" height=\"900\" src=\"https:\/\/floresdeloscaminosasantiago.eu\/wp-content\/uploads\/2022\/02\/10.jpg\" class=\"attachment-large size-large\" alt=\"\" aria-describedby=\"gallery-1-50062\" srcset=\"https:\/\/floresdeloscaminosasantiago.eu\/wp-content\/uploads\/2022\/02\/10.jpg 448w, https:\/\/floresdeloscaminosasantiago.eu\/wp-content\/uploads\/2022\/02\/10-149x300.jpg 149w\" sizes=\"(max-width: 448px) 100vw, 448px\" \/>\n\t\t\t<\/div>\n\t\t\t\t<figcaption class='wp-caption-text gallery-caption' id='gallery-1-50062'>\n\t\t\t\tdig\n\t\t\t\t<\/figcaption><\/figure><figure class='gallery-item'>\n\t\t\t<div class='gallery-icon portrait'>\n\t\t\t\t<img loading=\"lazy\" decoding=\"async\" width=\"626\" height=\"900\" src=\"https:\/\/floresdeloscaminosasantiago.eu\/wp-content\/uploads\/2022\/02\/11.jpg\" class=\"attachment-large size-large\" alt=\"\" srcset=\"https:\/\/floresdeloscaminosasantiago.eu\/wp-content\/uploads\/2022\/02\/11.jpg 626w, https:\/\/floresdeloscaminosasantiago.eu\/wp-content\/uploads\/2022\/02\/11-209x300.jpg 209w\" sizes=\"(max-width: 626px) 100vw, 626px\" \/>\n\t\t\t<\/div><\/figure><figure class='gallery-item'>\n\t\t\t<div class='gallery-icon portrait'>\n\t\t\t\t<img loading=\"lazy\" decoding=\"async\" width=\"794\" height=\"900\" src=\"https:\/\/floresdeloscaminosasantiago.eu\/wp-content\/uploads\/2022\/02\/14.jpg\" class=\"attachment-large size-large\" alt=\"\" srcset=\"https:\/\/floresdeloscaminosasantiago.eu\/wp-content\/uploads\/2022\/02\/14.jpg 794w, https:\/\/floresdeloscaminosasantiago.eu\/wp-content\/uploads\/2022\/02\/14-265x300.jpg 265w, https:\/\/floresdeloscaminosasantiago.eu\/wp-content\/uploads\/2022\/02\/14-768x871.jpg 768w\" sizes=\"(max-width: 794px) 100vw, 794px\" \/>\n\t\t\t<\/div><\/figure><figure class='gallery-item'>\n\t\t\t<div class='gallery-icon portrait'>\n\t\t\t\t<img loading=\"lazy\" decoding=\"async\" width=\"765\" height=\"900\" src=\"https:\/\/floresdeloscaminosasantiago.eu\/wp-content\/uploads\/2022\/02\/13.jpg\" class=\"attachment-large size-large\" alt=\"\" srcset=\"https:\/\/floresdeloscaminosasantiago.eu\/wp-content\/uploads\/2022\/02\/13.jpg 765w, https:\/\/floresdeloscaminosasantiago.eu\/wp-content\/uploads\/2022\/02\/13-255x300.jpg 255w\" sizes=\"(max-width: 765px) 100vw, 765px\" \/>\n\t\t\t<\/div><\/figure>\n\t\t<\/div>\n\n","protected":false},"excerpt":{"rendered":"<p>Santiago el Mayor (cuya festividad se celebra el 25 de julio) naci\u00f3 alrededor del a\u00f1o 3 d. C. en Betsaida, Galilea, hijo del pescador Zebedeo y de Salom\u00e9. Pertenec\u00eda al c\u00edrculo \u00edntimo de Jes\u00fas. Despu\u00e9s de haber evangelizado en Israel y la Pen\u00ednsula Ib\u00e9rica, fue decapitado tras regresar a Jerusal\u00e9n el a\u00f1o 44 d. C., [&hellip;]<\/p>\n","protected":false},"author":1,"featured_media":0,"parent":0,"menu_order":0,"comment_status":"closed","ping_status":"closed","template":"","meta":{"footnotes":""},"class_list":["post-50073","page","type-page","status-publish","hentry"],"yoast_head":"<!-- This site is optimized with the Yoast SEO plugin v27.2 - https:\/\/yoast.com\/product\/yoast-seo-wordpress\/ -->\n<title>Algunas leyendas e historias para interpretar im\u00e1genes de Santiago - Flores de los Caminos a Santiago<\/title>\n<meta name=\"robots\" content=\"index, follow, max-snippet:-1, max-image-preview:large, max-video-preview:-1\" \/>\n<link rel=\"canonical\" href=\"https:\/\/floresdeloscaminosasantiago.eu\/es\/algunas-leyendas-e-historias-para-interpretar-imagenes-de-santiago\/\" \/>\n<meta property=\"og:locale\" content=\"es_ES\" \/>\n<meta property=\"og:type\" content=\"article\" \/>\n<meta property=\"og:title\" content=\"Algunas leyendas e historias para interpretar im\u00e1genes de Santiago - Flores de los Caminos a Santiago\" \/>\n<meta property=\"og:description\" content=\"Santiago el Mayor (cuya festividad se celebra el 25 de julio) naci\u00f3 alrededor del a\u00f1o 3 d. C. en Betsaida, Galilea, hijo del pescador Zebedeo y de Salom\u00e9. Pertenec\u00eda al c\u00edrculo \u00edntimo de Jes\u00fas. Despu\u00e9s de haber evangelizado en Israel y la Pen\u00ednsula Ib\u00e9rica, fue decapitado tras regresar a Jerusal\u00e9n el a\u00f1o 44 d. C., [&hellip;]\" \/>\n<meta property=\"og:url\" content=\"https:\/\/floresdeloscaminosasantiago.eu\/es\/algunas-leyendas-e-historias-para-interpretar-imagenes-de-santiago\/\" \/>\n<meta property=\"og:site_name\" content=\"Flores de los Caminos a Santiago\" \/>\n<meta property=\"article:modified_time\" content=\"2022-10-04T10:53:25+00:00\" \/>\n<meta property=\"og:image\" content=\"https:\/\/floresdeloscaminosasantiago.eu\/wp-content\/uploads\/2022\/02\/12.jpg\" \/>\n<meta name=\"twitter:card\" content=\"summary_large_image\" \/>\n<meta name=\"twitter:label1\" content=\"Tiempo de lectura\" \/>\n\t<meta name=\"twitter:data1\" content=\"2 minutos\" \/>\n<script type=\"application\/ld+json\" class=\"yoast-schema-graph\">{\"@context\":\"https:\/\/schema.org\",\"@graph\":[{\"@type\":\"WebPage\",\"@id\":\"https:\/\/floresdeloscaminosasantiago.eu\/es\/algunas-leyendas-e-historias-para-interpretar-imagenes-de-santiago\/\",\"url\":\"https:\/\/floresdeloscaminosasantiago.eu\/es\/algunas-leyendas-e-historias-para-interpretar-imagenes-de-santiago\/\",\"name\":\"Algunas leyendas e historias para interpretar im\u00e1genes de Santiago - Flores de los Caminos a Santiago\",\"isPartOf\":{\"@id\":\"https:\/\/floresdeloscaminosasantiago.eu\/es\/#website\"},\"datePublished\":\"2022-02-18T15:26:46+00:00\",\"dateModified\":\"2022-10-04T10:53:25+00:00\",\"breadcrumb\":{\"@id\":\"https:\/\/floresdeloscaminosasantiago.eu\/es\/algunas-leyendas-e-historias-para-interpretar-imagenes-de-santiago\/#breadcrumb\"},\"inLanguage\":\"es\",\"potentialAction\":[{\"@type\":\"ReadAction\",\"target\":[\"https:\/\/floresdeloscaminosasantiago.eu\/es\/algunas-leyendas-e-historias-para-interpretar-imagenes-de-santiago\/\"]}]},{\"@type\":\"BreadcrumbList\",\"@id\":\"https:\/\/floresdeloscaminosasantiago.eu\/es\/algunas-leyendas-e-historias-para-interpretar-imagenes-de-santiago\/#breadcrumb\",\"itemListElement\":[{\"@type\":\"ListItem\",\"position\":1,\"name\":\"Home\",\"item\":\"https:\/\/floresdeloscaminosasantiago.eu\/es\/\"},{\"@type\":\"ListItem\",\"position\":2,\"name\":\"Algunas leyendas e historias para interpretar im\u00e1genes de Santiago\"}]},{\"@type\":\"WebSite\",\"@id\":\"https:\/\/floresdeloscaminosasantiago.eu\/es\/#website\",\"url\":\"https:\/\/floresdeloscaminosasantiago.eu\/es\/\",\"name\":\"Flores de los Caminos a Santiago\",\"description\":\"Stimulate the interest in the flora of Spain and Portugal\",\"alternateName\":\"Stimulate the interest in the flora of Spain and Portugal\",\"potentialAction\":[{\"@type\":\"SearchAction\",\"target\":{\"@type\":\"EntryPoint\",\"urlTemplate\":\"https:\/\/floresdeloscaminosasantiago.eu\/es\/?s={search_term_string}\"},\"query-input\":{\"@type\":\"PropertyValueSpecification\",\"valueRequired\":true,\"valueName\":\"search_term_string\"}}],\"inLanguage\":\"es\"}]}<\/script>\n<!-- \/ Yoast SEO plugin. -->","yoast_head_json":{"title":"Algunas leyendas e historias para interpretar im\u00e1genes de Santiago - Flores de los Caminos a Santiago","robots":{"index":"index","follow":"follow","max-snippet":"max-snippet:-1","max-image-preview":"max-image-preview:large","max-video-preview":"max-video-preview:-1"},"canonical":"https:\/\/floresdeloscaminosasantiago.eu\/es\/algunas-leyendas-e-historias-para-interpretar-imagenes-de-santiago\/","og_locale":"es_ES","og_type":"article","og_title":"Algunas leyendas e historias para interpretar im\u00e1genes de Santiago - Flores de los Caminos a Santiago","og_description":"Santiago el Mayor (cuya festividad se celebra el 25 de julio) naci\u00f3 alrededor del a\u00f1o 3 d. C. en Betsaida, Galilea, hijo del pescador Zebedeo y de Salom\u00e9. Pertenec\u00eda al c\u00edrculo \u00edntimo de Jes\u00fas. Despu\u00e9s de haber evangelizado en Israel y la Pen\u00ednsula Ib\u00e9rica, fue decapitado tras regresar a Jerusal\u00e9n el a\u00f1o 44 d. C., [&hellip;]","og_url":"https:\/\/floresdeloscaminosasantiago.eu\/es\/algunas-leyendas-e-historias-para-interpretar-imagenes-de-santiago\/","og_site_name":"Flores de los Caminos a Santiago","article_modified_time":"2022-10-04T10:53:25+00:00","og_image":[{"url":"https:\/\/floresdeloscaminosasantiago.eu\/wp-content\/uploads\/2022\/02\/12.jpg","type":"","width":"","height":""}],"twitter_card":"summary_large_image","twitter_misc":{"Tiempo de lectura":"2 minutos"},"schema":{"@context":"https:\/\/schema.org","@graph":[{"@type":"WebPage","@id":"https:\/\/floresdeloscaminosasantiago.eu\/es\/algunas-leyendas-e-historias-para-interpretar-imagenes-de-santiago\/","url":"https:\/\/floresdeloscaminosasantiago.eu\/es\/algunas-leyendas-e-historias-para-interpretar-imagenes-de-santiago\/","name":"Algunas leyendas e historias para interpretar im\u00e1genes de Santiago - Flores de los Caminos a Santiago","isPartOf":{"@id":"https:\/\/floresdeloscaminosasantiago.eu\/es\/#website"},"datePublished":"2022-02-18T15:26:46+00:00","dateModified":"2022-10-04T10:53:25+00:00","breadcrumb":{"@id":"https:\/\/floresdeloscaminosasantiago.eu\/es\/algunas-leyendas-e-historias-para-interpretar-imagenes-de-santiago\/#breadcrumb"},"inLanguage":"es","potentialAction":[{"@type":"ReadAction","target":["https:\/\/floresdeloscaminosasantiago.eu\/es\/algunas-leyendas-e-historias-para-interpretar-imagenes-de-santiago\/"]}]},{"@type":"BreadcrumbList","@id":"https:\/\/floresdeloscaminosasantiago.eu\/es\/algunas-leyendas-e-historias-para-interpretar-imagenes-de-santiago\/#breadcrumb","itemListElement":[{"@type":"ListItem","position":1,"name":"Home","item":"https:\/\/floresdeloscaminosasantiago.eu\/es\/"},{"@type":"ListItem","position":2,"name":"Algunas leyendas e historias para interpretar im\u00e1genes de Santiago"}]},{"@type":"WebSite","@id":"https:\/\/floresdeloscaminosasantiago.eu\/es\/#website","url":"https:\/\/floresdeloscaminosasantiago.eu\/es\/","name":"Flores de los Caminos a Santiago","description":"Stimulate the interest in the flora of Spain and Portugal","alternateName":"Stimulate the interest in the flora of Spain and Portugal","potentialAction":[{"@type":"SearchAction","target":{"@type":"EntryPoint","urlTemplate":"https:\/\/floresdeloscaminosasantiago.eu\/es\/?s={search_term_string}"},"query-input":{"@type":"PropertyValueSpecification","valueRequired":true,"valueName":"search_term_string"}}],"inLanguage":"es"}]}},"_links":{"self":[{"href":"https:\/\/floresdeloscaminosasantiago.eu\/es\/wp-json\/wp\/v2\/pages\/50073","targetHints":{"allow":["GET"]}}],"collection":[{"href":"https:\/\/floresdeloscaminosasantiago.eu\/es\/wp-json\/wp\/v2\/pages"}],"about":[{"href":"https:\/\/floresdeloscaminosasantiago.eu\/es\/wp-json\/wp\/v2\/types\/page"}],"author":[{"embeddable":true,"href":"https:\/\/floresdeloscaminosasantiago.eu\/es\/wp-json\/wp\/v2\/users\/1"}],"replies":[{"embeddable":true,"href":"https:\/\/floresdeloscaminosasantiago.eu\/es\/wp-json\/wp\/v2\/comments?post=50073"}],"version-history":[{"count":0,"href":"https:\/\/floresdeloscaminosasantiago.eu\/es\/wp-json\/wp\/v2\/pages\/50073\/revisions"}],"wp:attachment":[{"href":"https:\/\/floresdeloscaminosasantiago.eu\/es\/wp-json\/wp\/v2\/media?parent=50073"}],"curies":[{"name":"wp","href":"https:\/\/api.w.org\/{rel}","templated":true}]}}