{"id":46653,"date":"2022-01-21T10:36:48","date_gmt":"2022-01-21T09:36:48","guid":{"rendered":"https:\/\/floresdeloscaminosasantiago.eu\/un-breve-estudio-de-las-familias-mas-grandes-de-plantas\/"},"modified":"2022-01-21T10:36:48","modified_gmt":"2022-01-21T09:36:48","slug":"un-breve-estudio-de-las-familias-mas-grandes-de-plantas","status":"publish","type":"page","link":"https:\/\/floresdeloscaminosasantiago.eu\/es\/un-breve-estudio-de-las-familias-mas-grandes-de-plantas\/","title":{"rendered":"Un breve estudio de las familias m\u00e1s grandes de plantas"},"content":{"rendered":"<p>El n\u00famero de especies de plantas de la flora de Espa\u00f1a y Portugal es de unas 7.000. De este n\u00famero, aproximadamente la mitad pertenecen a apenas una docena de familias. Para facilitar la identificaci\u00f3n es \u00fatil conocer algunas de las caracter\u00edsticas de estas familias. Otras cien familias contienen la otra mitad de tales especies. A continuaci\u00f3n se da una breve descripci\u00f3n de las doce familias m\u00e1s grandes. La familia de las hierbas (Gramineae) en realidad pertenece a este grupo, pero la dejaremos fuera. La determinaci\u00f3n adecuada de las especies de Gramineae corresponde m\u00e1s al trabajo de los especialistas.<\/p>\n","protected":false},"excerpt":{"rendered":"<p>El n\u00famero de especies de plantas de la flora de Espa\u00f1a y Portugal es de unas 7.000. De este n\u00famero, aproximadamente la mitad pertenecen a apenas una docena de familias. Para facilitar la identificaci\u00f3n es \u00fatil conocer algunas de las caracter\u00edsticas de estas familias. Otras cien familias contienen la otra mitad de tales especies. A [&hellip;]<\/p>\n","protected":false},"author":1,"featured_media":0,"parent":0,"menu_order":0,"comment_status":"closed","ping_status":"closed","template":"","meta":{"footnotes":""},"class_list":["post-46653","page","type-page","status-publish","hentry"],"yoast_head":"<!-- This site is optimized with the Yoast SEO plugin v27.2 - https:\/\/yoast.com\/product\/yoast-seo-wordpress\/ -->\n<title>Un breve estudio de las familias m\u00e1s grandes de plantas - Flores de los Caminos a Santiago<\/title>\n<meta name=\"robots\" content=\"index, follow, max-snippet:-1, max-image-preview:large, max-video-preview:-1\" \/>\n<link rel=\"canonical\" href=\"https:\/\/floresdeloscaminosasantiago.eu\/es\/un-breve-estudio-de-las-familias-mas-grandes-de-plantas\/\" \/>\n<meta property=\"og:locale\" content=\"es_ES\" \/>\n<meta property=\"og:type\" content=\"article\" \/>\n<meta property=\"og:title\" content=\"Un breve estudio de las familias m\u00e1s grandes de plantas - Flores de los Caminos a Santiago\" \/>\n<meta property=\"og:description\" content=\"El n\u00famero de especies de plantas de la flora de Espa\u00f1a y Portugal es de unas 7.000. De este n\u00famero, aproximadamente la mitad pertenecen a apenas una docena de familias. Para facilitar la identificaci\u00f3n es \u00fatil conocer algunas de las caracter\u00edsticas de estas familias. Otras cien familias contienen la otra mitad de tales especies. A [&hellip;]\" \/>\n<meta property=\"og:url\" content=\"https:\/\/floresdeloscaminosasantiago.eu\/es\/un-breve-estudio-de-las-familias-mas-grandes-de-plantas\/\" \/>\n<meta property=\"og:site_name\" content=\"Flores de los Caminos a Santiago\" \/>\n<meta name=\"twitter:card\" content=\"summary_large_image\" \/>\n<meta name=\"twitter:label1\" content=\"Tiempo de lectura\" \/>\n\t<meta name=\"twitter:data1\" content=\"1 minuto\" \/>\n<script type=\"application\/ld+json\" class=\"yoast-schema-graph\">{\"@context\":\"https:\/\/schema.org\",\"@graph\":[{\"@type\":\"WebPage\",\"@id\":\"https:\/\/floresdeloscaminosasantiago.eu\/es\/un-breve-estudio-de-las-familias-mas-grandes-de-plantas\/\",\"url\":\"https:\/\/floresdeloscaminosasantiago.eu\/es\/un-breve-estudio-de-las-familias-mas-grandes-de-plantas\/\",\"name\":\"Un breve estudio de las familias m\u00e1s grandes de plantas - Flores de los Caminos a Santiago\",\"isPartOf\":{\"@id\":\"https:\/\/floresdeloscaminosasantiago.eu\/es\/#website\"},\"datePublished\":\"2022-01-21T09:36:48+00:00\",\"breadcrumb\":{\"@id\":\"https:\/\/floresdeloscaminosasantiago.eu\/es\/un-breve-estudio-de-las-familias-mas-grandes-de-plantas\/#breadcrumb\"},\"inLanguage\":\"es\",\"potentialAction\":[{\"@type\":\"ReadAction\",\"target\":[\"https:\/\/floresdeloscaminosasantiago.eu\/es\/un-breve-estudio-de-las-familias-mas-grandes-de-plantas\/\"]}]},{\"@type\":\"BreadcrumbList\",\"@id\":\"https:\/\/floresdeloscaminosasantiago.eu\/es\/un-breve-estudio-de-las-familias-mas-grandes-de-plantas\/#breadcrumb\",\"itemListElement\":[{\"@type\":\"ListItem\",\"position\":1,\"name\":\"Home\",\"item\":\"https:\/\/floresdeloscaminosasantiago.eu\/es\/\"},{\"@type\":\"ListItem\",\"position\":2,\"name\":\"Un breve estudio de las familias m\u00e1s grandes de plantas\"}]},{\"@type\":\"WebSite\",\"@id\":\"https:\/\/floresdeloscaminosasantiago.eu\/es\/#website\",\"url\":\"https:\/\/floresdeloscaminosasantiago.eu\/es\/\",\"name\":\"Flores de los Caminos a Santiago\",\"description\":\"Stimulate the interest in the flora of Spain and Portugal\",\"alternateName\":\"Stimulate the interest in the flora of Spain and Portugal\",\"potentialAction\":[{\"@type\":\"SearchAction\",\"target\":{\"@type\":\"EntryPoint\",\"urlTemplate\":\"https:\/\/floresdeloscaminosasantiago.eu\/es\/?s={search_term_string}\"},\"query-input\":{\"@type\":\"PropertyValueSpecification\",\"valueRequired\":true,\"valueName\":\"search_term_string\"}}],\"inLanguage\":\"es\"}]}<\/script>\n<!-- \/ Yoast SEO plugin. -->","yoast_head_json":{"title":"Un breve estudio de las familias m\u00e1s grandes de plantas - Flores de los Caminos a Santiago","robots":{"index":"index","follow":"follow","max-snippet":"max-snippet:-1","max-image-preview":"max-image-preview:large","max-video-preview":"max-video-preview:-1"},"canonical":"https:\/\/floresdeloscaminosasantiago.eu\/es\/un-breve-estudio-de-las-familias-mas-grandes-de-plantas\/","og_locale":"es_ES","og_type":"article","og_title":"Un breve estudio de las familias m\u00e1s grandes de plantas - Flores de los Caminos a Santiago","og_description":"El n\u00famero de especies de plantas de la flora de Espa\u00f1a y Portugal es de unas 7.000. De este n\u00famero, aproximadamente la mitad pertenecen a apenas una docena de familias. Para facilitar la identificaci\u00f3n es \u00fatil conocer algunas de las caracter\u00edsticas de estas familias. Otras cien familias contienen la otra mitad de tales especies. A [&hellip;]","og_url":"https:\/\/floresdeloscaminosasantiago.eu\/es\/un-breve-estudio-de-las-familias-mas-grandes-de-plantas\/","og_site_name":"Flores de los Caminos a Santiago","twitter_card":"summary_large_image","twitter_misc":{"Tiempo de lectura":"1 minuto"},"schema":{"@context":"https:\/\/schema.org","@graph":[{"@type":"WebPage","@id":"https:\/\/floresdeloscaminosasantiago.eu\/es\/un-breve-estudio-de-las-familias-mas-grandes-de-plantas\/","url":"https:\/\/floresdeloscaminosasantiago.eu\/es\/un-breve-estudio-de-las-familias-mas-grandes-de-plantas\/","name":"Un breve estudio de las familias m\u00e1s grandes de plantas - Flores de los Caminos a Santiago","isPartOf":{"@id":"https:\/\/floresdeloscaminosasantiago.eu\/es\/#website"},"datePublished":"2022-01-21T09:36:48+00:00","breadcrumb":{"@id":"https:\/\/floresdeloscaminosasantiago.eu\/es\/un-breve-estudio-de-las-familias-mas-grandes-de-plantas\/#breadcrumb"},"inLanguage":"es","potentialAction":[{"@type":"ReadAction","target":["https:\/\/floresdeloscaminosasantiago.eu\/es\/un-breve-estudio-de-las-familias-mas-grandes-de-plantas\/"]}]},{"@type":"BreadcrumbList","@id":"https:\/\/floresdeloscaminosasantiago.eu\/es\/un-breve-estudio-de-las-familias-mas-grandes-de-plantas\/#breadcrumb","itemListElement":[{"@type":"ListItem","position":1,"name":"Home","item":"https:\/\/floresdeloscaminosasantiago.eu\/es\/"},{"@type":"ListItem","position":2,"name":"Un breve estudio de las familias m\u00e1s grandes de plantas"}]},{"@type":"WebSite","@id":"https:\/\/floresdeloscaminosasantiago.eu\/es\/#website","url":"https:\/\/floresdeloscaminosasantiago.eu\/es\/","name":"Flores de los Caminos a Santiago","description":"Stimulate the interest in the flora of Spain and Portugal","alternateName":"Stimulate the interest in the flora of Spain and Portugal","potentialAction":[{"@type":"SearchAction","target":{"@type":"EntryPoint","urlTemplate":"https:\/\/floresdeloscaminosasantiago.eu\/es\/?s={search_term_string}"},"query-input":{"@type":"PropertyValueSpecification","valueRequired":true,"valueName":"search_term_string"}}],"inLanguage":"es"}]}},"_links":{"self":[{"href":"https:\/\/floresdeloscaminosasantiago.eu\/es\/wp-json\/wp\/v2\/pages\/46653","targetHints":{"allow":["GET"]}}],"collection":[{"href":"https:\/\/floresdeloscaminosasantiago.eu\/es\/wp-json\/wp\/v2\/pages"}],"about":[{"href":"https:\/\/floresdeloscaminosasantiago.eu\/es\/wp-json\/wp\/v2\/types\/page"}],"author":[{"embeddable":true,"href":"https:\/\/floresdeloscaminosasantiago.eu\/es\/wp-json\/wp\/v2\/users\/1"}],"replies":[{"embeddable":true,"href":"https:\/\/floresdeloscaminosasantiago.eu\/es\/wp-json\/wp\/v2\/comments?post=46653"}],"version-history":[{"count":0,"href":"https:\/\/floresdeloscaminosasantiago.eu\/es\/wp-json\/wp\/v2\/pages\/46653\/revisions"}],"wp:attachment":[{"href":"https:\/\/floresdeloscaminosasantiago.eu\/es\/wp-json\/wp\/v2\/media?parent=46653"}],"curies":[{"name":"wp","href":"https:\/\/api.w.org\/{rel}","templated":true}]}}