{"id":40196,"date":"2021-11-25T12:58:50","date_gmt":"2021-11-25T11:58:50","guid":{"rendered":"https:\/\/floresdeloscaminosasantiago.eu\/introduccion\/"},"modified":"2026-04-08T15:35:21","modified_gmt":"2026-04-08T13:35:21","slug":"introduccion","status":"publish","type":"page","link":"https:\/\/floresdeloscaminosasantiago.eu\/es\/introduccion\/","title":{"rendered":"Introducci\u00f3n"},"content":{"rendered":"\r\n<p>\u201cFlores de los Caminos a Santiago\u201d es un sitio web creado con el prop\u00f3sito de facilitar a los peregrinos de Santiago de Compostela la identificaci\u00f3n de los nombres de las flores que encuentren y fotograf\u00eden en el Camino. Estimular el inter\u00e9s por la flora de Espa\u00f1a y Portugal, en general, es tambi\u00e9n otro prop\u00f3sito.<\/p>\r\n\r\n\r\n\r\n<p>El inicio de este proyecto fue involuntario. Camin\u00e9 entre 2004\/2005 y 2007 desde mi casa en La Haya, en los Pa\u00edses Bajos, hasta Santiago y de vuelta a casa, en homenaje de mi esposa Willie Malkus, que hab\u00eda muerto de c\u00e1ncer de mama el 25 de julio de 1999, onom\u00e1stica de Santiago en un A\u00f1o Santo.<\/p>\r\n\r\n\r\n\r\n<p>De vuelta a casa me di cuenta de que el Camino me hab\u00eda \u201cenganchado\u201d. En Espa\u00f1a y Portugal hay m\u00e1s de veinte Caminos diferentes, se\u00f1alizados con las conocidas flechas amarillas. Hay puntos de partida por toda la Pen\u00ednsula Ib\u00e9rica y todos tienen su final en Santiago o en alg\u00fan punto de otro Camino, como, por ejemplo, el conocido Camino Franc\u00e9s.<\/p>\r\n\r\n\r\n\r\n<p>Hasta la fecha he llegado a Santiago 33 veces, a trav\u00e9s de unos 21 Caminos diferentes. Los \u00faltimos tramos de m\u00e1s de 100 kil\u00f3metros hasta Santiago de diversos Caminos peque\u00f1os, los he recorrido m\u00e1s de una vez. Durante mis trayectos he hecho fotos de flores, al principio simplemente para tener una variedad mayor de fotos de un Camino determinado. Para m\u00ed tener fotos bonitas no era suficiente. Como bi\u00f3logo, quer\u00eda saber los nombres de esas plantas. Poco a poco la colecci\u00f3n de fotos de plantas fue creciendo. En alg\u00fan momento me di cuenta de que la colecci\u00f3n pod\u00eda ser \u00fanica y empec\u00e9 a reunir fotos de plantas sistem\u00e1ticamente. Ahora la colecci\u00f3n contiene m\u00e1s de 1.100 especies. Todas las fotos se han hecho a lo largo de uno de los Caminos que conducen a Santiago. Este sitio web es la forma de compartir esta colecci\u00f3n con el mundo.<\/p>\r\n\r\n\r\n\r\n<p>El sitio web debe considerarse como la contribuci\u00f3n de una persona que, aunque bi\u00f3loga, no es experta en bot\u00e1nica. En una empresa de esta envergadura es casi inevitable que se hayan cometido algunos errores. A menudo, la identificaci\u00f3n de una planta fotografiada estaba perfectamente clara. En los casos en que subsisten dudas, queda se\u00f1alado en la informaci\u00f3n. Igualmente, este sitio web no es una empresa cient\u00edfica y yo soy el \u00fanico responsable de la identificaci\u00f3n de las especies fotografiadas. Ning\u00fan instituto ha participado en el trabajo. Fotografiar plantas como peregrino a pie plantea algunas dificultades. En primer lugar, cada d\u00eda tengo que llegar a tiempo a mi destino. Es imprescindible poder caminar entre veinte y veinticinco kil\u00f3metros al d\u00eda hasta el siguiente albergue. As\u00ed que el tiempo escasea. Caminar a una velocidad media de 4 km\/hora significa que las flores peque\u00f1as o poco llamativas se le pasan a uno por alto f\u00e1cilmente. Adem\u00e1s, la mejor \u00e9poca para recorrer el camino es abril, mayo y la primera mitad de junio. En consecuencia, las plantas que florecen antes o despu\u00e9s de este periodo est\u00e1n poco representadas.<\/p>\r\n\r\n\r\n\r\n<p>La clasificaci\u00f3n de las especies de plantas sigue la del sitio web Anthos a efectos pr\u00e1cticos. El inventario de la flora de Espa\u00f1a est\u00e1 lejos de ser completo. Muchos bot\u00e1nicos tienden a trabajar en \u201czonas prometedoras\u201d. Huelga decir que los caminantes no tienen preferencia por las zonas bot\u00e1nicamente \u201cprometedoras\u201d. En consecuencia, pueden producirse hallazgos inesperados. En esta colecci\u00f3n se incluyen tanto especies comunes como raras. Se dan los nombres populares de las flores en seis idiomas europeos, as\u00ed como informaci\u00f3n sobre la \u00e9poca de floraci\u00f3n, color y tama\u00f1o de las flores, tama\u00f1o de las plantas, distribuci\u00f3n y abundancia, y alguna informaci\u00f3n ecol\u00f3gica. La identificaci\u00f3n de una especie debe hacerse principalmente comparando fotograf\u00edas. Este sitio web no es una gu\u00eda de flores.<\/p>\r\n\r\n\r\n\r\n<p>Todos los Caminos los he andado por otra persona. \u201cVicarie pro&#8230;\u201d, \u201cComo sustituto de&#8230;\u201d. Para leer un breve art\u00edculo sobre este tema, haga clic aqu\u00ed. <a href=\"https:\/\/floresdeloscaminosasantiago.eu\/es\/vicarie-pro-a-santiago-por-otra-persona\/\">Vicarie Pro<\/a><\/p>\r\n\r\n\r\n\r\n<p>En mis Caminos he visto en pueblos, ciudades, iglesias y catedrales o a lo largo del propio Camino muchas im\u00e1genes y s\u00edmbolos relacionados con Santiago o con los peregrinos. Tambi\u00e9n los he coleccionado. Siempre me resultaba muy gratificante encontrar otro buen ejemplar. Tambi\u00e9n ellos se presentan en este sitio web.<\/p>\r\n\r\n\r\n\r\n<p>Usted, como visitante de esta p\u00e1gina web, es libre de descargarse las im\u00e1genes de este sitio, siempre y cuando no las utilice con \u00e1nimo de lucro. No hay ninguna protecci\u00f3n contra las descargas.<\/p>\r\n\r\n\r\n\r\n<p>Le debo mucha gratitud a mucha gente, a cientos de espa\u00f1oles y espa\u00f1olas del Camino, a Harry Hofstede y Ad van der Helm, curas sucesivos de la Iglesia de Santiago de La Haya, a Luis Tejero Gonz\u00e1lez, Virginia Gonz\u00e1lez Mart\u00ednez y Patricia Grosfeld de la embajada espa\u00f1ola en La Haya, a Simone Spuij-Fraaij, a Yula van Barneveld, Kees Fokkens y Harry Couzijn, a Han Lasance y Fons Boink (Nederlands Genootschap van Sint Jacob), a Emiel Lagarde y Robbe de Bruijn (Bewisesolutions) y a mi actual esposa, Annet Cames van Batenburg, por todos sus \u00e1nimos y por dejarme llevar a cabo estos quehaceres m\u00edos sin quejas.<\/p>\r\n\r\n\r\n\r\n<p>Para m\u00e1s informaci\u00f3n, sugerencias, contribuciones o para informar de errores, dir\u00edjase, por favor, a <a href=\"mailto:a.p.krever@gmail.com\">a.p.krever@gmail.com<\/a>.<\/p>\r\n\r\n\r\n\r\n<p>Les deseo que disfruten mucho \u201cy buen camino\u201d. <strong>Arnoud Krever<\/strong><\/p>\r\n\r\n\r\n\r\n<h2 class=\"wp-block-heading\">Sobre Arnoud Krever<\/h2>\r\n\r\n\r\n\r\n<p>Arnoud Krever (1948) estudi\u00f3 biolog\u00eda en las Universidades de Leiden y \u00c1msterdam, y f\u00edsica en el Hogeschool Holland en Diemen. Fue profesor de biolog\u00eda, f\u00edsica y ciencias en el Mondriaan College de Educaci\u00f3n de Segunda Oportunidad (VAVO) en La Haya. Actualmente est\u00e1 jubilado.<\/p>\r\n<p><img fetchpriority=\"high\" decoding=\"async\" class=\"size-medium wp-image-22111 alignleft\" src=\"https:\/\/floresdeloscaminosasantiago.eu\/wp-content\/uploads\/2021\/12\/Plata1127-Foto-van-Arnoud-Krever-285x300.jpg\" alt=\"Foto van Arnoud Krever\" width=\"285\" height=\"300\" srcset=\"https:\/\/floresdeloscaminosasantiago.eu\/wp-content\/uploads\/2021\/12\/Plata1127-Foto-van-Arnoud-Krever-285x300.jpg 285w, https:\/\/floresdeloscaminosasantiago.eu\/wp-content\/uploads\/2021\/12\/Plata1127-Foto-van-Arnoud-Krever.jpg 665w\" sizes=\"(max-width: 285px) 100vw, 285px\" \/><\/p>\r\n<p><img decoding=\"async\" class=\" wp-image-19074 alignleft\" src=\"https:\/\/floresdeloscaminosasantiago.eu\/wp-content\/uploads\/2021\/09\/19-2-Lu-S-48-Arnoud-fotografeert-een-plantje-300x225.jpg\" alt=\"\" width=\"399\" height=\"299\" srcset=\"https:\/\/floresdeloscaminosasantiago.eu\/wp-content\/uploads\/2021\/09\/19-2-Lu-S-48-Arnoud-fotografeert-een-plantje-300x225.jpg 300w, https:\/\/floresdeloscaminosasantiago.eu\/wp-content\/uploads\/2021\/09\/19-2-Lu-S-48-Arnoud-fotografeert-een-plantje-768x577.jpg 768w, https:\/\/floresdeloscaminosasantiago.eu\/wp-content\/uploads\/2021\/09\/19-2-Lu-S-48-Arnoud-fotografeert-een-plantje.jpg 932w\" sizes=\"(max-width: 399px) 100vw, 399px\" \/><\/p>\r\n\r\n\r\n\r\n<h3 class=\"wp-block-heading\">\u00a0<\/h3>\r\n<h3>\u00a0<\/h3>\r\n<h3>\u00a0<\/h3>\r\n<h3>\u00a0<\/h3>\r\n<h3>\u00a0<\/h3>\r\n<h3>\u00a0<\/h3>\r\n<h3>\u00a0<\/h3>\r\n<h3>Lista de Caminos<\/h3>\r\n\r\n\r\n\r\n<ol class=\"wp-block-list\" type=\"1\">\r\n<li>2004 \u2013 2005 Den Haag \u2013 Santiago; 2005 \u2013 2007 Santiago \u2013 Den Haag;<\/li>\r\n<li>2009 V\u00eda de la Plata + Camino Sanabr\u00e9s, Sevilla \u2013 Salamanca \u2013 Ourense \u2013 Santiago;<\/li>\r\n<li>2009 Camino Franc\u00e9s, Sarr\u00eda \u2013 Santiago;<\/li>\r\n<li>2010 Camino Mozar\u00e1be, Granada \u2013 Merida + Camino Sanabr\u00e9s, Ourense &#8211; Santiago;<\/li>\r\n<li>2010 Camino Primitivo, Oviedo \u2013 Melide + Camino Franc\u00e9s, Melide &#8211; Santiago;<\/li>\r\n<li>2010 Camino Portugu\u00e9s, Porto \u2013 Ponte de Lima + 2011 Ponte de Lima &#8211; Santiago;<\/li>\r\n<li>2011 Camino de Levante, Valencia \u2013 Zamora + Camino Sanabr\u00e9s, Ourense \u2013 Santiago;<\/li>\r\n<li>2012 Camino del Norte, Hendaye (F) \u2013 Santiago;<\/li>\r\n<li>2012 Camino Franc\u00e9s, Astorga \u2013 Santiago;<\/li>\r\n<li>2013 Toulouse (F) \u2013 Santiago, Toulouse \u2013 Col de Somport + Camino Aragon\u00e9s, Col de Somport \u2013 Puente de la Reina + Camino Franc\u00e9s, Puente de la Reina &#8211; Santiago;<\/li>\r\n<li>2013 Camino Ingl\u00e9s, Ferrol \u2013 Santiago;<\/li>\r\n<li>2014 Camino de Madrid, Madrid \u2013 Sahag\u00fan + Camino Franc\u00e9s, Sahag\u00fan \u2013 Santiago;<\/li>\r\n<li>2015 Camino Sanabr\u00e9s, Ourense \u2013 Santiago;<\/li>\r\n<li>2015 Camino Ingl\u00e9s, Ferrol \u2013 Santiago;<\/li>\r\n<li>2015 Camino Sanabr\u00e9s, A Gudi\u00f1a \u2013 Santiago;<\/li>\r\n<li>2015 Ruta de la Lana, Alicante \u2013 Burgos + Camino Portugu\u00e9s, Valen\u00e7a do Minho \u2013 Santiago;<\/li>\r\n<li>2016 Camino de San Jaume, Barcelona \u2013 Santa Cilia de Jaca + Camino Aragon\u00e9s, Santa Cilia de Jaca \u2013 Puente de la Reina + Camino Sanabr\u00e9s, Ourense \u2013 Santiago;<\/li>\r\n<li>2016 Camino Primitivo, Lugo \u2013 Melide + Camino Franc\u00e9s, Melide \u2013 Santiago;<\/li>\r\n<li>2016 Camino Primitivo, Lugo \u2013 Melide + Camino Franc\u00e9s, Melide \u2013 Santiago;<\/li>\r\n<li>2016 Camino Vasco del Interior, Ir\u00fan \u2013 Santo Domingo de la Calzada + Camino de Invierno, Ponferrada \u2013 A Laxe + Camino Sanabr\u00e9s, A Laxe \u2013 Santiago;<\/li>\r\n<li>2016 Camino Primitivo, Lugo \u2013 Melide + Camino Franc\u00e9s, Melide \u2013 Santiago;<\/li>\r\n<li>2017 Camino del Ebro, Riumar \u2013 Logro\u00f1o + Camino Sanabr\u00e9s, Ourense \u2013 Santiago;<\/li>\r\n<li>2017 Camino Primitivo, Lugo \u2013 Melide + Camino Franc\u00e9s, Melide \u2013 Santiago;<\/li>\r\n<li>2017 Camino del Norte, Ribadeo \u2013 Arz\u00faa + Camino Franc\u00e9s, Arz\u00faa \u2013 Santiago;<\/li>\r\n<li>2018 Camino Catal\u00e1n, Monasterio de Sant Pere de Rodes \u2013 Montserrat \u2013 Fraga + 2019 Camino Catal\u00e1n, Fraga \u2013 Fuentes de Ebro + Camino Castillano-Aragon\u00e9s, Gallur \u2013 Santo Domingo de Silas + Camino Primitivo, Lugo \u2013 Melide + Camino Franc\u00e9s, Melide \u2013 Santiago;<\/li>\r\n<li>2019 Camino Portugu\u00e9s, Tui \u2013 Santiago;<\/li>\r\n<li>2019 Camino Sanabr\u00e9s, A Gudi\u00f1a \u2013 Santiago;<\/li>\r\n<li>2021 Ruta del Argar, Lorca \u2013 Toledo + Camino Sanabr\u00e9s, Ourense \u2013 Santiago;<\/li>\r\n<li>2021 Camino Sanabr\u00e9s, Ourense \u2013 Santiago;<\/li>\r\n<li>2022 Camino Olvidado, Bibao \u2013 Ponferrada + Camino Sanabr\u00e9s, Ourense \u2013 Santiago;<\/li>\r\n<li>2022 Camino de Sagunto, Sagunto \u2013 Soria + Camino Sanabr\u00e9s, Ourense \u2013 Santiago;<\/li>\r\n<li>2023 Camino de la Plata Portugu\u00e9s, Zamora \u2013 Santiago;<\/li>\r\n<li>2023 Camino Sanabr\u00e9s, Ourense \u2013 Santiago;<\/li>\r\n<li>2024 Camino Sanabr\u00e9s, Ourense \u2013 Santiago;<\/li>\r\n<li>2024 Camino Torres, Salamanca \u2013 Ponte de Lima \u2013 Santiago;<\/li>\r\n<li>2025 Camino del Sur, Huelva \u2013 Zafra + Camino Sanabr\u00e9s, Zamora \u2013 Ourense \u2013 Santiago. <\/li>\r\n<\/ol>\r\n\r\n\r\n\r\n<h2 class=\"wp-block-heading\">Enlaces<\/h2>\r\n\r\n\r\n\r\n<p><a href=\"http:\/\/www.anthos.es\/\">http:\/\/www.anthos.es\/<\/a> Anthos es una p\u00e1gina web del Real Jard\u00edn Bot\u00e1nico de Madrid, una instituci\u00f3n bot\u00e1nica de prestigio. Los nombres cient\u00edficos de las especies de plantas que aparecen en mi web est\u00e1n, casi sin excepci\u00f3n, en concordancia con Anthos. Anthos ofrece mapas de distribuci\u00f3n de todas las especies de plantas espa\u00f1olas. Tambi\u00e9n hay fotograf\u00edas de la mayor\u00eda de las especies. Se pueden encontrar igualmente los nombres populares. Se pueden encontrar asimismo todas las especies conocidas de una regi\u00f3n determinada, as\u00ed como todas las especies de una familia de plantas en una provincia determinada. La p\u00e1gina web es muy recomendable.<\/p>\r\n\r\n\r\n\r\n<p><a href=\"http:\/\/www.floraiberica.es\/\">http:\/\/www.floraiberica.es\/<\/a> La flora cient\u00edfica oficial de la Pen\u00ednsula Ib\u00e9rica, Espa\u00f1a y Portugal. Muy \u00fatil, m\u00e1s a\u00fan si se domina el idioma espa\u00f1ol.<\/p>\r\n\r\n\r\n\r\n<p><a href=\"http:\/\/www.florasilvestre.es\/mediterranea\/index.htm\">http:\/\/www.florasilvestre.es\/mediterranea\/index.htm<\/a> Flora silvestre del Mediterr\u00e1neo y Macaronesia. Una web muy \u00fatil del bot\u00e1nico Jos\u00e9 Quiles. Excelentes fotograf\u00edas.<\/p>\r\n\r\n\r\n\r\n<p><a href=\"https:\/\/flora-on.pt\/\">https:\/\/flora-on.pt\/<\/a> Flora-on, Flora de Portugal. Una flora muy \u00fatil. Las fotograf\u00edas son muy buenas.<\/p>\r\n\r\n\r\n\r\n<p><a href=\"https:\/\/www.actaplantarum.org\/\">https:\/\/www.actaplantarum.org\/<\/a> Flora o Galer\u00eda de (la mayor\u00eda de) las especies vegetales de Italia.<\/p>\r\n\r\n\r\n\r\n<p>La forma m\u00e1s r\u00e1pida de obtener fotograf\u00edas de una determinada especie vegetal es escribir el nombre cient\u00edfico de la planta en Google Pictures. El nombre cient\u00edfico de una planta puede haber cambiado con el paso del tiempo, por lo que a menudo resulta \u00fatil buscar tambi\u00e9n mediante sin\u00f3nimos.<\/p>\r\n","protected":false},"excerpt":{"rendered":"<p>\u201cFlores de los Caminos a Santiago\u201d es un sitio web creado con el prop\u00f3sito de facilitar a los peregrinos de Santiago de Compostela la identificaci\u00f3n de los nombres de las flores que encuentren y fotograf\u00eden en el Camino. Estimular el inter\u00e9s por la flora de Espa\u00f1a y Portugal, en general, es tambi\u00e9n otro prop\u00f3sito. El [&hellip;]<\/p>\n","protected":false},"author":1,"featured_media":0,"parent":0,"menu_order":0,"comment_status":"closed","ping_status":"closed","template":"","meta":{"footnotes":""},"class_list":["post-40196","page","type-page","status-publish","hentry"],"yoast_head":"<!-- This site is optimized with the Yoast SEO plugin v27.2 - https:\/\/yoast.com\/product\/yoast-seo-wordpress\/ -->\n<title>Introducci\u00f3n - Flores de los Caminos a Santiago<\/title>\n<meta name=\"robots\" content=\"index, follow, max-snippet:-1, max-image-preview:large, max-video-preview:-1\" \/>\n<link rel=\"canonical\" href=\"https:\/\/floresdeloscaminosasantiago.eu\/es\/introduccion\/\" \/>\n<meta property=\"og:locale\" content=\"es_ES\" \/>\n<meta property=\"og:type\" content=\"article\" \/>\n<meta property=\"og:title\" content=\"Introducci\u00f3n - Flores de los Caminos a Santiago\" \/>\n<meta property=\"og:description\" content=\"\u201cFlores de los Caminos a Santiago\u201d es un sitio web creado con el prop\u00f3sito de facilitar a los peregrinos de Santiago de Compostela la identificaci\u00f3n de los nombres de las flores que encuentren y fotograf\u00eden en el Camino. Estimular el inter\u00e9s por la flora de Espa\u00f1a y Portugal, en general, es tambi\u00e9n otro prop\u00f3sito. El [&hellip;]\" \/>\n<meta property=\"og:url\" content=\"https:\/\/floresdeloscaminosasantiago.eu\/es\/introduccion\/\" \/>\n<meta property=\"og:site_name\" content=\"Flores de los Caminos a Santiago\" \/>\n<meta property=\"article:modified_time\" content=\"2026-04-08T13:35:21+00:00\" \/>\n<meta property=\"og:image\" content=\"https:\/\/floresdeloscaminosasantiago.eu\/wp-content\/uploads\/2021\/12\/Plata1127-Foto-van-Arnoud-Krever.jpg\" \/>\n\t<meta property=\"og:image:width\" content=\"665\" \/>\n\t<meta property=\"og:image:height\" content=\"700\" \/>\n\t<meta property=\"og:image:type\" content=\"image\/jpeg\" \/>\n<meta name=\"twitter:card\" content=\"summary_large_image\" \/>\n<meta name=\"twitter:label1\" content=\"Tiempo de lectura\" \/>\n\t<meta name=\"twitter:data1\" content=\"7 minutos\" \/>\n<script type=\"application\/ld+json\" class=\"yoast-schema-graph\">{\"@context\":\"https:\/\/schema.org\",\"@graph\":[{\"@type\":\"WebPage\",\"@id\":\"https:\/\/floresdeloscaminosasantiago.eu\/es\/introduccion\/\",\"url\":\"https:\/\/floresdeloscaminosasantiago.eu\/es\/introduccion\/\",\"name\":\"Introducci\u00f3n - Flores de los Caminos a Santiago\",\"isPartOf\":{\"@id\":\"https:\/\/floresdeloscaminosasantiago.eu\/es\/#website\"},\"primaryImageOfPage\":{\"@id\":\"https:\/\/floresdeloscaminosasantiago.eu\/es\/introduccion\/#primaryimage\"},\"image\":{\"@id\":\"https:\/\/floresdeloscaminosasantiago.eu\/es\/introduccion\/#primaryimage\"},\"thumbnailUrl\":\"https:\/\/floresdeloscaminosasantiago.eu\/wp-content\/uploads\/2021\/12\/Plata1127-Foto-van-Arnoud-Krever-285x300.jpg\",\"datePublished\":\"2021-11-25T11:58:50+00:00\",\"dateModified\":\"2026-04-08T13:35:21+00:00\",\"breadcrumb\":{\"@id\":\"https:\/\/floresdeloscaminosasantiago.eu\/es\/introduccion\/#breadcrumb\"},\"inLanguage\":\"es\",\"potentialAction\":[{\"@type\":\"ReadAction\",\"target\":[\"https:\/\/floresdeloscaminosasantiago.eu\/es\/introduccion\/\"]}]},{\"@type\":\"ImageObject\",\"inLanguage\":\"es\",\"@id\":\"https:\/\/floresdeloscaminosasantiago.eu\/es\/introduccion\/#primaryimage\",\"url\":\"https:\/\/floresdeloscaminosasantiago.eu\/wp-content\/uploads\/2021\/12\/Plata1127-Foto-van-Arnoud-Krever-285x300.jpg\",\"contentUrl\":\"https:\/\/floresdeloscaminosasantiago.eu\/wp-content\/uploads\/2021\/12\/Plata1127-Foto-van-Arnoud-Krever-285x300.jpg\"},{\"@type\":\"BreadcrumbList\",\"@id\":\"https:\/\/floresdeloscaminosasantiago.eu\/es\/introduccion\/#breadcrumb\",\"itemListElement\":[{\"@type\":\"ListItem\",\"position\":1,\"name\":\"Home\",\"item\":\"https:\/\/floresdeloscaminosasantiago.eu\/es\/\"},{\"@type\":\"ListItem\",\"position\":2,\"name\":\"Introducci\u00f3n\"}]},{\"@type\":\"WebSite\",\"@id\":\"https:\/\/floresdeloscaminosasantiago.eu\/es\/#website\",\"url\":\"https:\/\/floresdeloscaminosasantiago.eu\/es\/\",\"name\":\"Flores de los Caminos a Santiago\",\"description\":\"Stimulate the interest in the flora of Spain and Portugal\",\"alternateName\":\"Stimulate the interest in the flora of Spain and Portugal\",\"potentialAction\":[{\"@type\":\"SearchAction\",\"target\":{\"@type\":\"EntryPoint\",\"urlTemplate\":\"https:\/\/floresdeloscaminosasantiago.eu\/es\/?s={search_term_string}\"},\"query-input\":{\"@type\":\"PropertyValueSpecification\",\"valueRequired\":true,\"valueName\":\"search_term_string\"}}],\"inLanguage\":\"es\"}]}<\/script>\n<!-- \/ Yoast SEO plugin. -->","yoast_head_json":{"title":"Introducci\u00f3n - Flores de los Caminos a Santiago","robots":{"index":"index","follow":"follow","max-snippet":"max-snippet:-1","max-image-preview":"max-image-preview:large","max-video-preview":"max-video-preview:-1"},"canonical":"https:\/\/floresdeloscaminosasantiago.eu\/es\/introduccion\/","og_locale":"es_ES","og_type":"article","og_title":"Introducci\u00f3n - Flores de los Caminos a Santiago","og_description":"\u201cFlores de los Caminos a Santiago\u201d es un sitio web creado con el prop\u00f3sito de facilitar a los peregrinos de Santiago de Compostela la identificaci\u00f3n de los nombres de las flores que encuentren y fotograf\u00eden en el Camino. Estimular el inter\u00e9s por la flora de Espa\u00f1a y Portugal, en general, es tambi\u00e9n otro prop\u00f3sito. El [&hellip;]","og_url":"https:\/\/floresdeloscaminosasantiago.eu\/es\/introduccion\/","og_site_name":"Flores de los Caminos a Santiago","article_modified_time":"2026-04-08T13:35:21+00:00","og_image":[{"width":665,"height":700,"url":"https:\/\/floresdeloscaminosasantiago.eu\/wp-content\/uploads\/2021\/12\/Plata1127-Foto-van-Arnoud-Krever.jpg","type":"image\/jpeg"}],"twitter_card":"summary_large_image","twitter_misc":{"Tiempo de lectura":"7 minutos"},"schema":{"@context":"https:\/\/schema.org","@graph":[{"@type":"WebPage","@id":"https:\/\/floresdeloscaminosasantiago.eu\/es\/introduccion\/","url":"https:\/\/floresdeloscaminosasantiago.eu\/es\/introduccion\/","name":"Introducci\u00f3n - Flores de los Caminos a Santiago","isPartOf":{"@id":"https:\/\/floresdeloscaminosasantiago.eu\/es\/#website"},"primaryImageOfPage":{"@id":"https:\/\/floresdeloscaminosasantiago.eu\/es\/introduccion\/#primaryimage"},"image":{"@id":"https:\/\/floresdeloscaminosasantiago.eu\/es\/introduccion\/#primaryimage"},"thumbnailUrl":"https:\/\/floresdeloscaminosasantiago.eu\/wp-content\/uploads\/2021\/12\/Plata1127-Foto-van-Arnoud-Krever-285x300.jpg","datePublished":"2021-11-25T11:58:50+00:00","dateModified":"2026-04-08T13:35:21+00:00","breadcrumb":{"@id":"https:\/\/floresdeloscaminosasantiago.eu\/es\/introduccion\/#breadcrumb"},"inLanguage":"es","potentialAction":[{"@type":"ReadAction","target":["https:\/\/floresdeloscaminosasantiago.eu\/es\/introduccion\/"]}]},{"@type":"ImageObject","inLanguage":"es","@id":"https:\/\/floresdeloscaminosasantiago.eu\/es\/introduccion\/#primaryimage","url":"https:\/\/floresdeloscaminosasantiago.eu\/wp-content\/uploads\/2021\/12\/Plata1127-Foto-van-Arnoud-Krever-285x300.jpg","contentUrl":"https:\/\/floresdeloscaminosasantiago.eu\/wp-content\/uploads\/2021\/12\/Plata1127-Foto-van-Arnoud-Krever-285x300.jpg"},{"@type":"BreadcrumbList","@id":"https:\/\/floresdeloscaminosasantiago.eu\/es\/introduccion\/#breadcrumb","itemListElement":[{"@type":"ListItem","position":1,"name":"Home","item":"https:\/\/floresdeloscaminosasantiago.eu\/es\/"},{"@type":"ListItem","position":2,"name":"Introducci\u00f3n"}]},{"@type":"WebSite","@id":"https:\/\/floresdeloscaminosasantiago.eu\/es\/#website","url":"https:\/\/floresdeloscaminosasantiago.eu\/es\/","name":"Flores de los Caminos a Santiago","description":"Stimulate the interest in the flora of Spain and Portugal","alternateName":"Stimulate the interest in the flora of Spain and Portugal","potentialAction":[{"@type":"SearchAction","target":{"@type":"EntryPoint","urlTemplate":"https:\/\/floresdeloscaminosasantiago.eu\/es\/?s={search_term_string}"},"query-input":{"@type":"PropertyValueSpecification","valueRequired":true,"valueName":"search_term_string"}}],"inLanguage":"es"}]}},"_links":{"self":[{"href":"https:\/\/floresdeloscaminosasantiago.eu\/es\/wp-json\/wp\/v2\/pages\/40196","targetHints":{"allow":["GET"]}}],"collection":[{"href":"https:\/\/floresdeloscaminosasantiago.eu\/es\/wp-json\/wp\/v2\/pages"}],"about":[{"href":"https:\/\/floresdeloscaminosasantiago.eu\/es\/wp-json\/wp\/v2\/types\/page"}],"author":[{"embeddable":true,"href":"https:\/\/floresdeloscaminosasantiago.eu\/es\/wp-json\/wp\/v2\/users\/1"}],"replies":[{"embeddable":true,"href":"https:\/\/floresdeloscaminosasantiago.eu\/es\/wp-json\/wp\/v2\/comments?post=40196"}],"version-history":[{"count":0,"href":"https:\/\/floresdeloscaminosasantiago.eu\/es\/wp-json\/wp\/v2\/pages\/40196\/revisions"}],"wp:attachment":[{"href":"https:\/\/floresdeloscaminosasantiago.eu\/es\/wp-json\/wp\/v2\/media?parent=40196"}],"curies":[{"name":"wp","href":"https:\/\/api.w.org\/{rel}","templated":true}]}}